{"id":868,"date":"2024-12-02T23:44:00","date_gmt":"2024-12-02T23:44:00","guid":{"rendered":"https:\/\/insidebeautyconsultoria.com.br\/?page_id=868"},"modified":"2026-04-08T01:38:22","modified_gmt":"2026-04-08T04:38:22","slug":"quem-somos","status":"publish","type":"page","link":"https:\/\/insidebeautyconsultoria.com.br\/en\/quem-somos\/","title":{"rendered":"Quem Somos"},"content":{"rendered":"<div data-elementor-type=\"wp-page\" data-elementor-id=\"868\" class=\"elementor elementor-868\" data-elementor-post-type=\"page\">\n\t\t\t\t<div class=\"elementor-element elementor-element-19a47af e-con-full e-flex e-con e-parent\" data-id=\"19a47af\" data-element_type=\"container\" data-e-type=\"container\" data-settings=\"{&quot;background_background&quot;:&quot;classic&quot;}\">\n\t\t<div class=\"elementor-element elementor-element-95f1799 e-flex e-con-boxed e-con e-child\" data-id=\"95f1799\" data-element_type=\"container\" data-e-type=\"container\">\n\t\t\t\t\t<div class=\"e-con-inner\">\n\t\t<div class=\"elementor-element elementor-element-b8a6a59 e-con-full e-flex e-con e-child\" data-id=\"b8a6a59\" data-element_type=\"container\" data-e-type=\"container\">\n\t\t<div class=\"elementor-element elementor-element-b5c2ea3 e-con-full e-flex e-con e-child\" data-id=\"b5c2ea3\" data-element_type=\"container\" data-e-type=\"container\">\n\t\t<div class=\"elementor-element elementor-element-bbaf976 e-con-full e-flex e-con e-child\" data-id=\"bbaf976\" data-element_type=\"container\" data-e-type=\"container\" data-settings=\"{&quot;background_background&quot;:&quot;classic&quot;}\">\n\t\t\t\t<div class=\"elementor-element elementor-element-6f451e9 elementor-widget elementor-widget-heading\" data-id=\"6f451e9\" data-element_type=\"widget\" data-e-type=\"widget\" data-widget_type=\"heading.default\">\n\t\t\t\t<div class=\"elementor-widget-container\">\n\t\t\t\t\t<h4 class=\"elementor-heading-title elementor-size-default\">NICE TO MEET YOU, <br>SOMOS A INSIDE <br>BEAUTY<\/h4>\t\t\t\t<\/div>\n\t\t\t\t<\/div>\n\t\t\t\t<\/div>\n\t\t\t\t<\/div>\n\t\t<div class=\"elementor-element elementor-element-58b4b13 e-con-full e-flex e-con e-child\" data-id=\"58b4b13\" data-element_type=\"container\" data-e-type=\"container\" data-settings=\"{&quot;background_background&quot;:&quot;classic&quot;}\">\n\t\t<div class=\"elementor-element elementor-element-b0307ee e-con-full elementor-hidden-mobile e-flex e-con e-child\" data-id=\"b0307ee\" data-element_type=\"container\" data-e-type=\"container\" data-settings=\"{&quot;background_background&quot;:&quot;classic&quot;}\">\n\t\t\t\t<div class=\"elementor-element elementor-element-a8e0830 elementor-widget elementor-widget-text-editor\" data-id=\"a8e0830\" data-element_type=\"widget\" data-e-type=\"widget\" data-widget_type=\"text-editor.default\">\n\t\t\t\t<div class=\"elementor-widget-container\">\n\t\t\t\t\t\t\t\t\t<p>We\u2019re an intelligence hub that connects global trends to the real needs of Brazilian consumers.<\/p><p>\u00a0<\/p><p>With a strategic mindset, international experience, and a strong local pulse, we bridge data, culture, and behavior to deliver customized solutions tailored to the Brazilian beauty market.<\/p><p>\u00a0<\/p><p>Our territories:<\/p><p><b>Cosmetics: <\/b>from shampoo to fragrance<\/p><p><b>Wellness:<\/b> from supplements to spas<\/p><p><b>Health: <\/b>from weight-loss pens to anxiety medication<\/p><p>\u00a0<\/p><p><b>We work with:<\/b><\/p><ul><li>\u25cf\u00a0 \u00a0 Beauty, wellness, and health product brands<\/li><li>\u25cf\u00a0 \u00a0 Beauty service providers (clinics, salons, spas, gyms)<\/li><li>\u25cf\u00a0 \u00a0 Advertising and activation agencies aiming to impact this market in a deeper way<\/li><\/ul><p>\u00a0<\/p><p>We translate emerging movements and innovations into relevant actions for brands that want to innovate with purpose and build real connections with their audience.<\/p>\t\t\t\t\t\t\t\t<\/div>\n\t\t\t\t<\/div>\n\t\t\t\t<\/div>\n\t\t<div class=\"elementor-element elementor-element-b187814 e-con-full elementor-hidden-desktop elementor-hidden-tablet e-flex e-con e-child\" data-id=\"b187814\" data-element_type=\"container\" data-e-type=\"container\" data-settings=\"{&quot;background_background&quot;:&quot;classic&quot;}\">\n\t\t\t\t<div class=\"elementor-element elementor-element-a0b52d7 elementor-widget elementor-widget-text-editor\" data-id=\"a0b52d7\" data-element_type=\"widget\" data-e-type=\"widget\" data-widget_type=\"text-editor.default\">\n\t\t\t\t<div class=\"elementor-widget-container\">\n\t\t\t\t\t\t\t\t\t<p>We\u2019re an intelligence hub that connects global trends to the real needs of Brazilian consumers.<\/p><p>\u00a0<\/p><p>With a strategic mindset, international experience, and a strong local pulse, we bridge data, culture, and behavior to deliver customized solutions tailored to the Brazilian beauty market.<\/p><p>\u00a0<\/p><p>Our territories:<\/p><p><b>Cosmetics: <\/b>from shampoo to fragrance<\/p><p><b>Wellness:<\/b> from supplements to spas<\/p><p><b>Health: <\/b>from weight-loss pens to anxiety medication<\/p><p>\u00a0<\/p><p><b>We work with:<\/b><\/p><ul><li>\u25cf\u00a0 \u00a0 Beauty, wellness, and health product brands<\/li><li>\u25cf\u00a0 \u00a0 Beauty service providers (clinics, salons, spas, gyms)<\/li><li>\u25cf\u00a0 \u00a0 Advertising and activation agencies aiming to impact this market in a deeper way<\/li><\/ul><p>\u00a0<\/p><p>We translate emerging movements and innovations into relevant actions for brands that want to innovate with purpose and build real connections with their audience.<\/p>\t\t\t\t\t\t\t\t<\/div>\n\t\t\t\t<\/div>\n\t\t\t\t<\/div>\n\t\t\t\t<\/div>\n\t\t\t\t<\/div>\n\t\t<div class=\"elementor-element elementor-element-fd4e581 e-con-full e-flex e-con e-child\" data-id=\"fd4e581\" data-element_type=\"container\" data-e-type=\"container\">\n\t\t<div class=\"elementor-element elementor-element-f36d7cb e-con-full e-flex e-con e-child\" data-id=\"f36d7cb\" data-element_type=\"container\" data-e-type=\"container\">\n\t\t<div class=\"elementor-element elementor-element-c7fcaf9 e-con-full e-flex e-con e-child\" data-id=\"c7fcaf9\" data-element_type=\"container\" data-e-type=\"container\" data-settings=\"{&quot;background_background&quot;:&quot;classic&quot;}\">\n\t\t\t\t<div class=\"elementor-element elementor-element-4ff8037 elementor-widget-divider--view-line elementor-widget elementor-widget-divider\" data-id=\"4ff8037\" data-element_type=\"widget\" data-e-type=\"widget\" data-widget_type=\"divider.default\">\n\t\t\t\t<div class=\"elementor-widget-container\">\n\t\t\t\t\t\t\t<div class=\"elementor-divider\">\n\t\t\t<span class=\"elementor-divider-separator\">\n\t\t\t\t\t\t<\/span>\n\t\t<\/div>\n\t\t\t\t\t\t<\/div>\n\t\t\t\t<\/div>\n\t\t\t\t<div class=\"elementor-element elementor-element-094ca29 elementor-widget elementor-widget-heading\" data-id=\"094ca29\" data-element_type=\"widget\" data-e-type=\"widget\" data-widget_type=\"heading.default\">\n\t\t\t\t<div class=\"elementor-widget-container\">\n\t\t\t\t\t<h4 class=\"elementor-heading-title elementor-size-default translation-block\">AND I AM <br> ALICE CAETANO<\/h4>\t\t\t\t<\/div>\n\t\t\t\t<\/div>\n\t\t\t\t<div class=\"elementor-element elementor-element-131d18a elementor-widget elementor-widget-text-editor\" data-id=\"131d18a\" data-element_type=\"widget\" data-e-type=\"widget\" data-widget_type=\"text-editor.default\">\n\t\t\t\t<div class=\"elementor-widget-container\">\n\t\t\t\t\t\t\t\t\t<p><span style=\"color: #ffffff;\">With over 15 years in the industry, I\u2019ve learned that beauty goes far beyond a product \u2014 it\u2019s about transformation, self-esteem, confidence, and emotion.<\/span><\/p><p><span style=\"color: #ffffff;\">Passionate about trends and innovation, working across markets and consumers from Russia to Mexico gave me a deep \nand unique understanding of the Latin American beauty landscape.<\/span><\/p><p>I founded Inside Beauty to spark ideas, translate movements, and push brands to go beyond the obvious in the beauty industry.<\/p>\t\t\t\t\t\t\t\t<\/div>\n\t\t\t\t<\/div>\n\t\t\t\t<\/div>\n\t\t\t\t<\/div>\n\t\t<div class=\"elementor-element elementor-element-67972cf e-con-full e-flex e-con e-child\" data-id=\"67972cf\" data-element_type=\"container\" data-e-type=\"container\" data-settings=\"{&quot;background_background&quot;:&quot;classic&quot;}\">\n\t\t<div class=\"elementor-element elementor-element-c11e696 e-con-full e-flex e-con e-child\" data-id=\"c11e696\" data-element_type=\"container\" data-e-type=\"container\" data-settings=\"{&quot;background_background&quot;:&quot;classic&quot;}\">\n\t\t\t\t<div class=\"elementor-element elementor-element-96f3ad8 elementor-widget elementor-widget-image\" data-id=\"96f3ad8\" data-element_type=\"widget\" data-e-type=\"widget\" data-widget_type=\"image.default\">\n\t\t\t\t<div class=\"elementor-widget-container\">\n\t\t\t\t\t\t\t\t\t\t\t\t\t\t\t<img fetchpriority=\"high\" decoding=\"async\" width=\"800\" height=\"731\" src=\"https:\/\/insidebeautyconsultoria.com.br\/wp-content\/uploads\/2025\/07\/alicecaetano_0019_new.webp\" class=\"attachment-full size-full wp-image-1970\" alt=\"\" srcset=\"https:\/\/insidebeautyconsultoria.com.br\/wp-content\/uploads\/2025\/07\/alicecaetano_0019_new.webp 800w, https:\/\/insidebeautyconsultoria.com.br\/wp-content\/uploads\/2025\/07\/alicecaetano_0019_new-438x400.webp 438w, https:\/\/insidebeautyconsultoria.com.br\/wp-content\/uploads\/2025\/07\/alicecaetano_0019_new-13x12.webp 13w, https:\/\/insidebeautyconsultoria.com.br\/wp-content\/uploads\/2025\/07\/alicecaetano_0019_new-600x548.webp 600w\" sizes=\"(max-width: 800px) 100vw, 800px\" \/>\t\t\t\t\t\t\t\t\t\t\t\t\t\t\t<\/div>\n\t\t\t\t<\/div>\n\t\t\t\t<\/div>\n\t\t\t\t<\/div>\n\t\t\t\t<\/div>\n\t\t\t\t\t<\/div>\n\t\t\t\t<\/div>\n\t\t\t\t<\/div>\n\t\t\t\t<\/div>","protected":false},"excerpt":{"rendered":"<p>PRAZER, SOMOS A INSIDE BEAUTY Somos um hub de intelig\u00eancia que conecta tend\u00eancias globais \u00e0s necessidades reais dos consumidores do Brasil. \u00a0 Com olhar estrat\u00e9gico, repert\u00f3rio internacional e escuta local, conectamos dados, cultura e comportamento para criar solu\u00e7\u00f5es personalizadas e aplic\u00e1veis ao contexto do mercado de beleza nacional. \u00a0 Nossos territ\u00f3rios s\u00e3o: Cosm\u00e9ticos: do shampoo <a href=\"https:\/\/insidebeautyconsultoria.com.br\/en\/quem-somos\/\" class=\"more-link\">&#8230;<span class=\"screen-reader-text\">  Quem Somos<\/span><\/a><\/p>","protected":false},"author":1,"featured_media":1272,"parent":0,"menu_order":0,"comment_status":"closed","ping_status":"closed","template":"elementor_header_footer","meta":{"_acf_changed":false,"nf_dc_page":"","footnotes":""},"class_list":["post-868","page","type-page","status-publish","has-post-thumbnail","hentry"],"acf":[],"yoast_head":"<!-- This site is optimized with the Yoast SEO Premium plugin v24.6 (Yoast SEO v27.4) - https:\/\/yoast.com\/product\/yoast-seo-premium-wordpress\/ -->\n<title>Quem Somos - Inside Beauty<\/title>\n<meta name=\"robots\" content=\"index, follow, max-snippet:-1, max-image-preview:large, max-video-preview:-1\" \/>\n<link rel=\"canonical\" href=\"https:\/\/insidebeautyconsultoria.com.br\/en\/quem-somos\/\" \/>\n<meta property=\"og:locale\" content=\"en_US\" \/>\n<meta property=\"og:type\" content=\"article\" \/>\n<meta property=\"og:title\" content=\"Quem Somos\" \/>\n<meta property=\"og:description\" content=\"PRAZER, SOMOS A INSIDE BEAUTY Somos um hub de intelig\u00eancia que conecta tend\u00eancias globais \u00e0s necessidades reais dos consumidores do Brasil. \u00a0 Com olhar estrat\u00e9gico, repert\u00f3rio internacional e escuta local, conectamos dados, cultura e comportamento para criar solu\u00e7\u00f5es personalizadas e aplic\u00e1veis ao contexto do mercado de beleza nacional. \u00a0 Nossos territ\u00f3rios s\u00e3o: Cosm\u00e9ticos: do shampoo ... Quem Somos\" \/>\n<meta property=\"og:url\" content=\"https:\/\/insidebeautyconsultoria.com.br\/en\/quem-somos\/\" \/>\n<meta property=\"og:site_name\" content=\"Inside Beauty\" \/>\n<meta property=\"article:modified_time\" content=\"2026-04-08T04:38:22+00:00\" \/>\n<meta property=\"og:image\" content=\"https:\/\/insidebeautyconsultoria.com.br\/wp-content\/uploads\/2024\/12\/inside-beasty-facebook-default.png\" \/>\n\t<meta property=\"og:image:width\" content=\"1788\" \/>\n\t<meta property=\"og:image:height\" content=\"999\" \/>\n\t<meta property=\"og:image:type\" content=\"image\/png\" \/>\n<meta name=\"twitter:card\" content=\"summary_large_image\" \/>\n<meta name=\"twitter:label1\" content=\"Est. reading time\" \/>\n\t<meta name=\"twitter:data1\" content=\"2 minutes\" \/>\n<script type=\"application\/ld+json\" class=\"yoast-schema-graph\">{\"@context\":\"https:\\\/\\\/schema.org\",\"@graph\":[{\"@type\":\"WebPage\",\"@id\":\"https:\\\/\\\/insidebeautyconsultoria.com.br\\\/quem-somos\\\/\",\"url\":\"https:\\\/\\\/insidebeautyconsultoria.com.br\\\/quem-somos\\\/\",\"name\":\"Quem Somos - Inside Beauty\",\"isPartOf\":{\"@id\":\"https:\\\/\\\/insidebeautyconsultoria.com.br\\\/#website\"},\"primaryImageOfPage\":{\"@id\":\"https:\\\/\\\/insidebeautyconsultoria.com.br\\\/quem-somos\\\/#primaryimage\"},\"image\":{\"@id\":\"https:\\\/\\\/insidebeautyconsultoria.com.br\\\/quem-somos\\\/#primaryimage\"},\"thumbnailUrl\":\"https:\\\/\\\/insidebeautyconsultoria.com.br\\\/wp-content\\\/uploads\\\/2024\\\/12\\\/inside-beasty-facebook-default.png\",\"datePublished\":\"2024-12-02T23:44:00+00:00\",\"dateModified\":\"2026-04-08T04:38:22+00:00\",\"breadcrumb\":{\"@id\":\"https:\\\/\\\/insidebeautyconsultoria.com.br\\\/quem-somos\\\/#breadcrumb\"},\"inLanguage\":\"en-US\",\"potentialAction\":[{\"@type\":\"ReadAction\",\"target\":[\"https:\\\/\\\/insidebeautyconsultoria.com.br\\\/quem-somos\\\/\"]}]},{\"@type\":\"ImageObject\",\"inLanguage\":\"en-US\",\"@id\":\"https:\\\/\\\/insidebeautyconsultoria.com.br\\\/quem-somos\\\/#primaryimage\",\"url\":\"https:\\\/\\\/insidebeautyconsultoria.com.br\\\/wp-content\\\/uploads\\\/2024\\\/12\\\/inside-beasty-facebook-default.png\",\"contentUrl\":\"https:\\\/\\\/insidebeautyconsultoria.com.br\\\/wp-content\\\/uploads\\\/2024\\\/12\\\/inside-beasty-facebook-default.png\",\"width\":1788,\"height\":999},{\"@type\":\"BreadcrumbList\",\"@id\":\"https:\\\/\\\/insidebeautyconsultoria.com.br\\\/quem-somos\\\/#breadcrumb\",\"itemListElement\":[{\"@type\":\"ListItem\",\"position\":1,\"name\":\"Home\",\"item\":\"https:\\\/\\\/insidebeautyconsultoria.com.br\\\/\"},{\"@type\":\"ListItem\",\"position\":2,\"name\":\"Quem Somos\"}]},{\"@type\":\"WebSite\",\"@id\":\"https:\\\/\\\/insidebeautyconsultoria.com.br\\\/#website\",\"url\":\"https:\\\/\\\/insidebeautyconsultoria.com.br\\\/\",\"name\":\"Inside Beauty Consultoria\",\"description\":\"\",\"publisher\":{\"@id\":\"https:\\\/\\\/insidebeautyconsultoria.com.br\\\/#organization\"},\"potentialAction\":[{\"@type\":\"SearchAction\",\"target\":{\"@type\":\"EntryPoint\",\"urlTemplate\":\"https:\\\/\\\/insidebeautyconsultoria.com.br\\\/?s={search_term_string}\"},\"query-input\":{\"@type\":\"PropertyValueSpecification\",\"valueRequired\":true,\"valueName\":\"search_term_string\"}}],\"inLanguage\":\"en-US\"},{\"@type\":\"Organization\",\"@id\":\"https:\\\/\\\/insidebeautyconsultoria.com.br\\\/#organization\",\"name\":\"Inside Beauty Consultoria\",\"url\":\"https:\\\/\\\/insidebeautyconsultoria.com.br\\\/\",\"logo\":{\"@type\":\"ImageObject\",\"inLanguage\":\"en-US\",\"@id\":\"https:\\\/\\\/insidebeautyconsultoria.com.br\\\/#\\\/schema\\\/logo\\\/image\\\/\",\"url\":\"https:\\\/\\\/insidebeautyconsultoria.com.br\\\/wp-content\\\/uploads\\\/2024\\\/10\\\/logo-completo-preto.png\",\"contentUrl\":\"https:\\\/\\\/insidebeautyconsultoria.com.br\\\/wp-content\\\/uploads\\\/2024\\\/10\\\/logo-completo-preto.png\",\"width\":1000,\"height\":220,\"caption\":\"Inside Beauty Consultoria\"},\"image\":{\"@id\":\"https:\\\/\\\/insidebeautyconsultoria.com.br\\\/#\\\/schema\\\/logo\\\/image\\\/\"},\"sameAs\":[\"https:\\\/\\\/www.instagram.com\\\/insidebeautyconsultoria\\\/\"]}]}<\/script>\n<!-- \/ Yoast SEO Premium plugin. -->","yoast_head_json":{"title":"Quem Somos - Inside Beauty","robots":{"index":"index","follow":"follow","max-snippet":"max-snippet:-1","max-image-preview":"max-image-preview:large","max-video-preview":"max-video-preview:-1"},"canonical":"https:\/\/insidebeautyconsultoria.com.br\/en\/quem-somos\/","og_locale":"en_US","og_type":"article","og_title":"Quem Somos","og_description":"PRAZER, SOMOS A INSIDE BEAUTY Somos um hub de intelig\u00eancia que conecta tend\u00eancias globais \u00e0s necessidades reais dos consumidores do Brasil. \u00a0 Com olhar estrat\u00e9gico, repert\u00f3rio internacional e escuta local, conectamos dados, cultura e comportamento para criar solu\u00e7\u00f5es personalizadas e aplic\u00e1veis ao contexto do mercado de beleza nacional. \u00a0 Nossos territ\u00f3rios s\u00e3o: Cosm\u00e9ticos: do shampoo ... Quem Somos","og_url":"https:\/\/insidebeautyconsultoria.com.br\/en\/quem-somos\/","og_site_name":"Inside Beauty","article_modified_time":"2026-04-08T04:38:22+00:00","og_image":[{"width":1788,"height":999,"url":"https:\/\/insidebeautyconsultoria.com.br\/wp-content\/uploads\/2024\/12\/inside-beasty-facebook-default.png","type":"image\/png"}],"twitter_card":"summary_large_image","twitter_misc":{"Est. reading time":"2 minutes"},"schema":{"@context":"https:\/\/schema.org","@graph":[{"@type":"WebPage","@id":"https:\/\/insidebeautyconsultoria.com.br\/quem-somos\/","url":"https:\/\/insidebeautyconsultoria.com.br\/quem-somos\/","name":"Quem Somos - Inside Beauty","isPartOf":{"@id":"https:\/\/insidebeautyconsultoria.com.br\/#website"},"primaryImageOfPage":{"@id":"https:\/\/insidebeautyconsultoria.com.br\/quem-somos\/#primaryimage"},"image":{"@id":"https:\/\/insidebeautyconsultoria.com.br\/quem-somos\/#primaryimage"},"thumbnailUrl":"https:\/\/insidebeautyconsultoria.com.br\/wp-content\/uploads\/2024\/12\/inside-beasty-facebook-default.png","datePublished":"2024-12-02T23:44:00+00:00","dateModified":"2026-04-08T04:38:22+00:00","breadcrumb":{"@id":"https:\/\/insidebeautyconsultoria.com.br\/quem-somos\/#breadcrumb"},"inLanguage":"en-US","potentialAction":[{"@type":"ReadAction","target":["https:\/\/insidebeautyconsultoria.com.br\/quem-somos\/"]}]},{"@type":"ImageObject","inLanguage":"en-US","@id":"https:\/\/insidebeautyconsultoria.com.br\/quem-somos\/#primaryimage","url":"https:\/\/insidebeautyconsultoria.com.br\/wp-content\/uploads\/2024\/12\/inside-beasty-facebook-default.png","contentUrl":"https:\/\/insidebeautyconsultoria.com.br\/wp-content\/uploads\/2024\/12\/inside-beasty-facebook-default.png","width":1788,"height":999},{"@type":"BreadcrumbList","@id":"https:\/\/insidebeautyconsultoria.com.br\/quem-somos\/#breadcrumb","itemListElement":[{"@type":"ListItem","position":1,"name":"Home","item":"https:\/\/insidebeautyconsultoria.com.br\/"},{"@type":"ListItem","position":2,"name":"Quem Somos"}]},{"@type":"WebSite","@id":"https:\/\/insidebeautyconsultoria.com.br\/#website","url":"https:\/\/insidebeautyconsultoria.com.br\/","name":"Inside Beauty Consultoria","description":"","publisher":{"@id":"https:\/\/insidebeautyconsultoria.com.br\/#organization"},"potentialAction":[{"@type":"SearchAction","target":{"@type":"EntryPoint","urlTemplate":"https:\/\/insidebeautyconsultoria.com.br\/?s={search_term_string}"},"query-input":{"@type":"PropertyValueSpecification","valueRequired":true,"valueName":"search_term_string"}}],"inLanguage":"en-US"},{"@type":"Organization","@id":"https:\/\/insidebeautyconsultoria.com.br\/#organization","name":"Inside Beauty Consultoria","url":"https:\/\/insidebeautyconsultoria.com.br\/","logo":{"@type":"ImageObject","inLanguage":"en-US","@id":"https:\/\/insidebeautyconsultoria.com.br\/#\/schema\/logo\/image\/","url":"https:\/\/insidebeautyconsultoria.com.br\/wp-content\/uploads\/2024\/10\/logo-completo-preto.png","contentUrl":"https:\/\/insidebeautyconsultoria.com.br\/wp-content\/uploads\/2024\/10\/logo-completo-preto.png","width":1000,"height":220,"caption":"Inside Beauty Consultoria"},"image":{"@id":"https:\/\/insidebeautyconsultoria.com.br\/#\/schema\/logo\/image\/"},"sameAs":["https:\/\/www.instagram.com\/insidebeautyconsultoria\/"]}]}},"_links":{"self":[{"href":"https:\/\/insidebeautyconsultoria.com.br\/en\/wp-json\/wp\/v2\/pages\/868","targetHints":{"allow":["GET"]}}],"collection":[{"href":"https:\/\/insidebeautyconsultoria.com.br\/en\/wp-json\/wp\/v2\/pages"}],"about":[{"href":"https:\/\/insidebeautyconsultoria.com.br\/en\/wp-json\/wp\/v2\/types\/page"}],"author":[{"embeddable":true,"href":"https:\/\/insidebeautyconsultoria.com.br\/en\/wp-json\/wp\/v2\/users\/1"}],"replies":[{"embeddable":true,"href":"https:\/\/insidebeautyconsultoria.com.br\/en\/wp-json\/wp\/v2\/comments?post=868"}],"version-history":[{"count":5,"href":"https:\/\/insidebeautyconsultoria.com.br\/en\/wp-json\/wp\/v2\/pages\/868\/revisions"}],"predecessor-version":[{"id":2358,"href":"https:\/\/insidebeautyconsultoria.com.br\/en\/wp-json\/wp\/v2\/pages\/868\/revisions\/2358"}],"wp:featuredmedia":[{"embeddable":true,"href":"https:\/\/insidebeautyconsultoria.com.br\/en\/wp-json\/wp\/v2\/media\/1272"}],"wp:attachment":[{"href":"https:\/\/insidebeautyconsultoria.com.br\/en\/wp-json\/wp\/v2\/media?parent=868"}],"curies":[{"name":"wp","href":"https:\/\/api.w.org\/{rel}","templated":true}]}}