{"id":691,"date":"2024-11-30T19:32:05","date_gmt":"2024-11-30T19:32:05","guid":{"rendered":"https:\/\/insidebeautyconsultoria.com.br\/?page_id=691"},"modified":"2025-01-07T11:52:29","modified_gmt":"2025-01-07T11:52:29","slug":"inisde-fairs-conventions","status":"publish","type":"page","link":"https:\/\/insidebeautyconsultoria.com.br\/en\/inisde-fairs-conventions\/","title":{"rendered":"Inisde fairs &amp; conventions"},"content":{"rendered":"\t\t<div data-elementor-type=\"wp-page\" data-elementor-id=\"691\" class=\"elementor elementor-691\" data-elementor-post-type=\"page\">\n\t\t\t\t<div class=\"elementor-element elementor-element-19a47af e-con-full e-flex e-con e-parent\" data-id=\"19a47af\" data-element_type=\"container\" data-e-type=\"container\" data-settings=\"{&quot;background_background&quot;:&quot;classic&quot;}\">\n\t\t<div class=\"elementor-element elementor-element-95f1799 e-flex e-con-boxed e-con e-child\" data-id=\"95f1799\" data-element_type=\"container\" data-e-type=\"container\">\n\t\t\t\t\t<div class=\"e-con-inner\">\n\t\t<div class=\"elementor-element elementor-element-b8a6a59 e-con-full e-flex e-con e-child\" data-id=\"b8a6a59\" data-element_type=\"container\" data-e-type=\"container\">\n\t\t<div class=\"elementor-element elementor-element-b5c2ea3 e-con-full e-flex e-con e-child\" data-id=\"b5c2ea3\" data-element_type=\"container\" data-e-type=\"container\">\n\t\t<div class=\"elementor-element elementor-element-bbaf976 e-con-full e-flex e-con e-child\" data-id=\"bbaf976\" data-element_type=\"container\" data-e-type=\"container\" data-settings=\"{&quot;background_background&quot;:&quot;classic&quot;}\">\n\t\t\t\t<div class=\"elementor-element elementor-element-980e8f2 elementor-widget elementor-widget-button\" data-id=\"980e8f2\" data-element_type=\"widget\" data-e-type=\"widget\" data-widget_type=\"button.default\">\n\t\t\t\t<div class=\"elementor-widget-container\">\n\t\t\t\t\t\t\t\t\t<div class=\"elementor-button-wrapper\">\n\t\t\t\t\t<a class=\"elementor-button elementor-button-link elementor-size-sm\" href=\"\">\n\t\t\t\t\t\t<span class=\"elementor-button-content-wrapper\">\n\t\t\t\t\t\t\t\t\t<span class=\"elementor-button-text\">Reflex\u00e3o<\/span>\n\t\t\t\t\t<\/span>\n\t\t\t\t\t<\/a>\n\t\t\t\t<\/div>\n\t\t\t\t\t\t\t\t<\/div>\n\t\t\t\t<\/div>\n\t\t\t\t<div class=\"elementor-element elementor-element-6f451e9 elementor-widget elementor-widget-heading\" data-id=\"6f451e9\" data-element_type=\"widget\" data-e-type=\"widget\" data-widget_type=\"heading.default\">\n\t\t\t\t<div class=\"elementor-widget-container\">\n\t\t\t\t\t<h4 class=\"elementor-heading-title elementor-size-default\">INSIDE FAIRS<br>&amp; CONVENSTIONS<\/h4>\t\t\t\t<\/div>\n\t\t\t\t<\/div>\n\t\t\t\t<div class=\"elementor-element elementor-element-5e97295 elementor-widget elementor-widget-image\" data-id=\"5e97295\" data-element_type=\"widget\" data-e-type=\"widget\" data-widget_type=\"image.default\">\n\t\t\t\t<div class=\"elementor-widget-container\">\n\t\t\t\t\t\t\t\t\t\t\t\t\t\t\t<img decoding=\"async\" width=\"40\" height=\"41\" src=\"https:\/\/insidebeautyconsultoria.com.br\/wp-content\/uploads\/2024\/11\/arrow-down-blue.png\" class=\"attachment-full size-full wp-image-637\" alt=\"\" \/>\t\t\t\t\t\t\t\t\t\t\t\t\t\t\t<\/div>\n\t\t\t\t<\/div>\n\t\t\t\t<div class=\"elementor-element elementor-element-7101a6f elementor-widget elementor-widget-text-editor\" data-id=\"7101a6f\" data-element_type=\"widget\" data-e-type=\"widget\" data-widget_type=\"text-editor.default\">\n\t\t\t\t<div class=\"elementor-widget-container\">\n\t\t\t\t\t\t\t\t\t<h2><span style=\"font-weight: 400;\">&#8211; Curadoria<\/span><\/h2><p><span style=\"font-weight: 400;\">Participamos dos eventos e palestras mais relevantes do mercado de beleza, sempre com foco em identificar as oportunidades que realmente fazem sentido para a sua marca.<\/span><\/p><p><span style=\"font-weight: 400;\">Com um olhar estrat\u00e9gico, filtramos e organizamos os conte\u00fados mais impactantes, traduzindo-os em <\/span><b>insights claros, pr\u00e1ticos e adaptados \u00e0 sua realidade<\/b><span style=\"font-weight: 400;\">. Assim, sua equipe estar\u00e1 sempre atualizada com as tend\u00eancias e inova\u00e7\u00f5es mais importantes para o mercado Latam.<\/span><\/p><h2><span style=\"font-weight: 400;\">&#8211; Beauty Vision<\/span><\/h2><p><b>Transformando tend\u00eancias globais em estrat\u00e9gias locais para a sua marca.<\/b><\/p><p><span style=\"font-weight: 400;\">Nossa miss\u00e3o \u00e9 <\/span><b>traduzir as informa\u00e7\u00f5es mais relevantes das grandes conven\u00e7\u00f5es nacionais e internacionais de beleza<\/b><span style=\"font-weight: 400;\"> para o contexto da sua marca.<\/span><\/p><p><span style=\"font-weight: 400;\">Participamos de eventos como Cosmoprof, in-cosmetics e Beautyworld, filtrando os insights mais impactantes e adaptando-os \u00e0s demandas do consumidor Latam.<\/span><\/p><h2><span style=\"font-weight: 400;\">&#8211; \u2060Beauty Expeditions<\/span><\/h2><p><b>Otimize sua experi\u00eancia nas maiores conven\u00e7\u00f5es de beleza do mundo com uma curadoria especializada.<\/b><\/p><p><span style=\"font-weight: 400;\">J\u00e1 imaginou o seu time participando das maiores conven\u00e7\u00f5es do setor, como Cosmoprof e in-cosmetics, com um guia estrat\u00e9gico que prepara tudo antecipadamente? Com o <\/span><b>Beauty Expeditions<\/b><span style=\"font-weight: 400;\">, sua equipe chega com o conhecimento certo, pronta para aproveitar ao m\u00e1ximo cada oportunidade, sem perder tempo.<\/span><\/p>\t\t\t\t\t\t\t\t<\/div>\n\t\t\t\t<\/div>\n\t\t\t\t<\/div>\n\t\t\t\t<\/div>\n\t\t<div class=\"elementor-element elementor-element-58b4b13 e-con-full e-flex e-con e-child\" data-id=\"58b4b13\" data-element_type=\"container\" data-e-type=\"container\" data-settings=\"{&quot;background_background&quot;:&quot;classic&quot;}\">\n\t\t<div class=\"elementor-element elementor-element-b0307ee e-con-full e-flex e-con e-child\" data-id=\"b0307ee\" data-element_type=\"container\" data-e-type=\"container\" data-settings=\"{&quot;background_background&quot;:&quot;classic&quot;}\">\n\t\t\t\t<div class=\"elementor-element elementor-element-f0ef8c3 elementor-widget elementor-widget-heading\" data-id=\"f0ef8c3\" data-element_type=\"widget\" data-e-type=\"widget\" data-widget_type=\"heading.default\">\n\t\t\t\t<div class=\"elementor-widget-container\">\n\t\t\t\t\t<h2 class=\"elementor-heading-title elementor-size-default\">ENTRAMOS<br>EM CONTATO<br>COM VOC\u00ca!<\/h2>\t\t\t\t<\/div>\n\t\t\t\t<\/div>\n\t\t\t\t<div class=\"elementor-element elementor-element-23d588c elementor-mobile-button-align-stretch elementor-widget-mobile__width-inherit elementor-widget elementor-widget-form\" data-id=\"23d588c\" data-element_type=\"widget\" data-e-type=\"widget\" data-settings=\"{&quot;button_width&quot;:&quot;20&quot;,&quot;button_width_mobile&quot;:&quot;100&quot;,&quot;step_next_label&quot;:&quot;Next&quot;,&quot;step_previous_label&quot;:&quot;Previous&quot;,&quot;step_type&quot;:&quot;number_text&quot;,&quot;step_icon_shape&quot;:&quot;circle&quot;}\" data-widget_type=\"form.default\">\n\t\t\t\t<div class=\"elementor-widget-container\">\n\t\t\t\t\t\t\t<form class=\"elementor-form\" method=\"post\" name=\"newsletter\">\n\t\t\t<input type=\"hidden\" name=\"post_id\" value=\"691\"\/>\n\t\t\t<input type=\"hidden\" name=\"form_id\" value=\"23d588c\"\/>\n\t\t\t<input type=\"hidden\" name=\"referer_title\" value=\"Inisde fairs &amp; conventions - Inside Beauty\" \/>\n\n\t\t\t\t\t\t\t<input type=\"hidden\" name=\"queried_id\" value=\"691\"\/>\n\t\t\t\n\t\t\t<div class=\"elementor-form-fields-wrapper elementor-labels-\">\n\t\t\t\t\t\t\t\t<div class=\"elementor-field-type-text elementor-field-group elementor-column elementor-field-group-email elementor-col-100 elementor-sm-100 elementor-field-required\">\n\t\t\t\t\t\t\t\t\t\t\t\t<label for=\"form-field-email\" class=\"elementor-field-label elementor-screen-only\">\n\t\t\t\t\t\t\t\tNome\t\t\t\t\t\t\t<\/label>\n\t\t\t\t\t\t\t\t\t\t\t\t\t\t<input size=\"1\" type=\"text\" name=\"form_fields[email]\" id=\"form-field-email\" class=\"elementor-field elementor-size-lg  elementor-field-textual\" placeholder=\"Nome completo\" required=\"required\">\n\t\t\t\t\t\t\t\t\t\t\t<\/div>\n\t\t\t\t\t\t\t\t<div class=\"elementor-field-type-email elementor-field-group elementor-column elementor-field-group-field_a9c8a6c elementor-col-100 elementor-sm-100 elementor-field-required\">\n\t\t\t\t\t\t\t\t\t\t\t\t<label for=\"form-field-field_a9c8a6c\" class=\"elementor-field-label elementor-screen-only\">\n\t\t\t\t\t\t\t\tEmail\t\t\t\t\t\t\t<\/label>\n\t\t\t\t\t\t\t\t\t\t\t\t\t\t<input size=\"1\" type=\"email\" name=\"form_fields[field_a9c8a6c]\" id=\"form-field-field_a9c8a6c\" class=\"elementor-field elementor-size-lg  elementor-field-textual\" placeholder=\"Insira seu melhor e-mail\" required=\"required\">\n\t\t\t\t\t\t\t\t\t\t\t<\/div>\n\t\t\t\t\t\t\t\t<div class=\"elementor-field-type-maskphone_with_ddd elementor-field-group elementor-column elementor-field-group-field_f269b56 elementor-col-100 elementor-sm-100 elementor-field-required\">\n\t\t\t\t\t\t\t\t\t\t\t\t<label for=\"form-field-field_f269b56\" class=\"elementor-field-label elementor-screen-only\">\n\t\t\t\t\t\t\t\tCelular\t\t\t\t\t\t\t<\/label>\n\t\t\t\t\t\t<input size=\"1\" type=\"tel\" name=\"form_fields[field_f269b56]\" id=\"form-field-field_f269b56\" class=\"elementor-field elementor-size-lg  elementor-field-textual phone_with_ddd\" required=\"required\" placeholder=\"Celular\">\t\t\t\t<\/div>\n\t\t\t\t\t\t\t\t<div class=\"elementor-field-group elementor-column elementor-field-type-submit elementor-col-20 e-form__buttons elementor-sm-100\">\n\t\t\t\t\t<button class=\"elementor-button elementor-size-lg\" type=\"submit\">\n\t\t\t\t\t\t<span class=\"elementor-button-content-wrapper\">\n\t\t\t\t\t\t\t\t\t\t\t\t\t\t\t<span class=\"elementor-button-icon\">\n\t\t\t\t\t\t\t\t\t<svg aria-hidden=\"true\" class=\"e-font-icon-svg e-fas-arrow-right\" viewBox=\"0 0 448 512\" xmlns=\"http:\/\/www.w3.org\/2000\/svg\"><path d=\"M190.5 66.9l22.2-22.2c9.4-9.4 24.6-9.4 33.9 0L441 239c9.4 9.4 9.4 24.6 0 33.9L246.6 467.3c-9.4 9.4-24.6 9.4-33.9 0l-22.2-22.2c-9.5-9.5-9.3-25 .4-34.3L311.4 296H24c-13.3 0-24-10.7-24-24v-32c0-13.3 10.7-24 24-24h287.4L190.9 101.2c-9.8-9.3-10-24.8-.4-34.3z\"><\/path><\/svg>\t\t\t\t\t\t\t\t\t\t\t\t\t\t\t\t\t\t\t<span class=\"elementor-screen-only\">Submit<\/span>\n\t\t\t\t\t\t\t\t\t\t\t\t\t\t\t\t\t<\/span>\n\t\t\t\t\t\t\t\t\t\t\t\t\t\t\t\t\t\t\t\t<\/span>\n\t\t\t\t\t<\/button>\n\t\t\t\t<\/div>\n\t\t\t<\/div>\n\t\t<\/form>\n\t\t\t\t\t\t<\/div>\n\t\t\t\t<\/div>\n\t\t\t\t<\/div>\n\t\t\t\t<\/div>\n\t\t\t\t<\/div>\n\t\t<div class=\"elementor-element elementor-element-22c9637 e-con-full e-flex e-con e-child\" data-id=\"22c9637\" data-element_type=\"container\" data-e-type=\"container\">\n\t\t\t\t<div class=\"elementor-element elementor-element-03524fa elementor-widget__width-inherit elementor-widget elementor-widget-image\" data-id=\"03524fa\" data-element_type=\"widget\" data-e-type=\"widget\" data-widget_type=\"image.default\">\n\t\t\t\t<div class=\"elementor-widget-container\">\n\t\t\t\t\t\t\t\t\t\t\t\t\t\t\t<img fetchpriority=\"high\" decoding=\"async\" width=\"1180\" height=\"380\" src=\"https:\/\/insidebeautyconsultoria.com.br\/wp-content\/uploads\/2024\/12\/servicos-interna-inside-fair-e-conventions.jpg\" class=\"attachment-full size-full wp-image-1255\" alt=\"\" srcset=\"https:\/\/insidebeautyconsultoria.com.br\/wp-content\/uploads\/2024\/12\/servicos-interna-inside-fair-e-conventions.jpg 1180w, https:\/\/insidebeautyconsultoria.com.br\/wp-content\/uploads\/2024\/12\/servicos-interna-inside-fair-e-conventions-600x193.jpg 600w, https:\/\/insidebeautyconsultoria.com.br\/wp-content\/uploads\/2024\/12\/servicos-interna-inside-fair-e-conventions-580x187.jpg 580w\" sizes=\"(max-width: 1180px) 100vw, 1180px\" \/>\t\t\t\t\t\t\t\t\t\t\t\t\t\t\t<\/div>\n\t\t\t\t<\/div>\n\t\t\t\t<\/div>\n\t\t\t\t\t<\/div>\n\t\t\t\t<\/div>\n\t\t\t\t<\/div>\n\t\t\t\t<\/div>\n\t\t","protected":false},"excerpt":{"rendered":"<p>Reflex\u00e3o INSIDE FAIRS&amp; CONVENSTIONS &#8211; Curadoria Participamos dos eventos e palestras mais relevantes do mercado de beleza, sempre com foco em identificar as oportunidades que realmente fazem sentido para a sua marca. Com um olhar estrat\u00e9gico, filtramos e organizamos os conte\u00fados mais impactantes, traduzindo-os em insights claros, pr\u00e1ticos e adaptados \u00e0 sua realidade. Assim, sua <a href=\"https:\/\/insidebeautyconsultoria.com.br\/en\/inisde-fairs-conventions\/\" class=\"more-link\">&#8230;<span class=\"screen-reader-text\">  Inisde fairs &amp; conventions<\/span><\/a><\/p>","protected":false},"author":1,"featured_media":1255,"parent":0,"menu_order":0,"comment_status":"closed","ping_status":"closed","template":"elementor_header_footer","meta":{"_acf_changed":false,"nf_dc_page":"","footnotes":""},"class_list":["post-691","page","type-page","status-publish","has-post-thumbnail","hentry"],"acf":[],"yoast_head":"<!-- This site is optimized with the Yoast SEO Premium plugin v24.6 (Yoast SEO v27.4) - https:\/\/yoast.com\/product\/yoast-seo-premium-wordpress\/ -->\n<title>Inisde fairs &amp; conventions - Inside Beauty<\/title>\n<meta name=\"robots\" content=\"index, follow, max-snippet:-1, max-image-preview:large, max-video-preview:-1\" \/>\n<link rel=\"canonical\" href=\"https:\/\/insidebeautyconsultoria.com.br\/en\/inisde-fairs-conventions\/\" \/>\n<meta property=\"og:locale\" content=\"en_US\" \/>\n<meta property=\"og:type\" content=\"article\" \/>\n<meta property=\"og:title\" content=\"Inisde fairs &amp; conventions\" \/>\n<meta property=\"og:description\" content=\"Reflex\u00e3o INSIDE FAIRS&amp; CONVENSTIONS &#8211; Curadoria Participamos dos eventos e palestras mais relevantes do mercado de beleza, sempre com foco em identificar as oportunidades que realmente fazem sentido para a sua marca. Com um olhar estrat\u00e9gico, filtramos e organizamos os conte\u00fados mais impactantes, traduzindo-os em insights claros, pr\u00e1ticos e adaptados \u00e0 sua realidade. Assim, sua ... Inisde fairs &amp; conventions\" \/>\n<meta property=\"og:url\" content=\"https:\/\/insidebeautyconsultoria.com.br\/en\/inisde-fairs-conventions\/\" \/>\n<meta property=\"og:site_name\" content=\"Inside Beauty\" \/>\n<meta property=\"article:modified_time\" content=\"2025-01-07T11:52:29+00:00\" \/>\n<meta property=\"og:image\" content=\"https:\/\/insidebeautyconsultoria.com.br\/wp-content\/uploads\/2024\/12\/servicos-interna-inside-fair-e-conventions.jpg\" \/>\n\t<meta property=\"og:image:width\" content=\"1180\" \/>\n\t<meta property=\"og:image:height\" content=\"380\" \/>\n\t<meta property=\"og:image:type\" content=\"image\/jpeg\" \/>\n<meta name=\"twitter:card\" content=\"summary_large_image\" \/>\n<meta name=\"twitter:label1\" content=\"Est. reading time\" \/>\n\t<meta name=\"twitter:data1\" content=\"2 minutes\" \/>\n<script type=\"application\/ld+json\" class=\"yoast-schema-graph\">{\"@context\":\"https:\\\/\\\/schema.org\",\"@graph\":[{\"@type\":\"WebPage\",\"@id\":\"https:\\\/\\\/insidebeautyconsultoria.com.br\\\/inisde-fairs-conventions\\\/\",\"url\":\"https:\\\/\\\/insidebeautyconsultoria.com.br\\\/inisde-fairs-conventions\\\/\",\"name\":\"Inisde fairs &amp; conventions - Inside Beauty\",\"isPartOf\":{\"@id\":\"https:\\\/\\\/insidebeautyconsultoria.com.br\\\/#website\"},\"primaryImageOfPage\":{\"@id\":\"https:\\\/\\\/insidebeautyconsultoria.com.br\\\/inisde-fairs-conventions\\\/#primaryimage\"},\"image\":{\"@id\":\"https:\\\/\\\/insidebeautyconsultoria.com.br\\\/inisde-fairs-conventions\\\/#primaryimage\"},\"thumbnailUrl\":\"https:\\\/\\\/insidebeautyconsultoria.com.br\\\/wp-content\\\/uploads\\\/2024\\\/12\\\/servicos-interna-inside-fair-e-conventions.jpg\",\"datePublished\":\"2024-11-30T19:32:05+00:00\",\"dateModified\":\"2025-01-07T11:52:29+00:00\",\"breadcrumb\":{\"@id\":\"https:\\\/\\\/insidebeautyconsultoria.com.br\\\/inisde-fairs-conventions\\\/#breadcrumb\"},\"inLanguage\":\"en-US\",\"potentialAction\":[{\"@type\":\"ReadAction\",\"target\":[\"https:\\\/\\\/insidebeautyconsultoria.com.br\\\/inisde-fairs-conventions\\\/\"]}]},{\"@type\":\"ImageObject\",\"inLanguage\":\"en-US\",\"@id\":\"https:\\\/\\\/insidebeautyconsultoria.com.br\\\/inisde-fairs-conventions\\\/#primaryimage\",\"url\":\"https:\\\/\\\/insidebeautyconsultoria.com.br\\\/wp-content\\\/uploads\\\/2024\\\/12\\\/servicos-interna-inside-fair-e-conventions.jpg\",\"contentUrl\":\"https:\\\/\\\/insidebeautyconsultoria.com.br\\\/wp-content\\\/uploads\\\/2024\\\/12\\\/servicos-interna-inside-fair-e-conventions.jpg\",\"width\":1180,\"height\":380},{\"@type\":\"BreadcrumbList\",\"@id\":\"https:\\\/\\\/insidebeautyconsultoria.com.br\\\/inisde-fairs-conventions\\\/#breadcrumb\",\"itemListElement\":[{\"@type\":\"ListItem\",\"position\":1,\"name\":\"Home\",\"item\":\"https:\\\/\\\/insidebeautyconsultoria.com.br\\\/\"},{\"@type\":\"ListItem\",\"position\":2,\"name\":\"Inisde fairs &amp; conventions\"}]},{\"@type\":\"WebSite\",\"@id\":\"https:\\\/\\\/insidebeautyconsultoria.com.br\\\/#website\",\"url\":\"https:\\\/\\\/insidebeautyconsultoria.com.br\\\/\",\"name\":\"Inside Beauty Consultoria\",\"description\":\"\",\"publisher\":{\"@id\":\"https:\\\/\\\/insidebeautyconsultoria.com.br\\\/#organization\"},\"potentialAction\":[{\"@type\":\"SearchAction\",\"target\":{\"@type\":\"EntryPoint\",\"urlTemplate\":\"https:\\\/\\\/insidebeautyconsultoria.com.br\\\/?s={search_term_string}\"},\"query-input\":{\"@type\":\"PropertyValueSpecification\",\"valueRequired\":true,\"valueName\":\"search_term_string\"}}],\"inLanguage\":\"en-US\"},{\"@type\":\"Organization\",\"@id\":\"https:\\\/\\\/insidebeautyconsultoria.com.br\\\/#organization\",\"name\":\"Inside Beauty Consultoria\",\"url\":\"https:\\\/\\\/insidebeautyconsultoria.com.br\\\/\",\"logo\":{\"@type\":\"ImageObject\",\"inLanguage\":\"en-US\",\"@id\":\"https:\\\/\\\/insidebeautyconsultoria.com.br\\\/#\\\/schema\\\/logo\\\/image\\\/\",\"url\":\"https:\\\/\\\/insidebeautyconsultoria.com.br\\\/wp-content\\\/uploads\\\/2024\\\/10\\\/logo-completo-preto.png\",\"contentUrl\":\"https:\\\/\\\/insidebeautyconsultoria.com.br\\\/wp-content\\\/uploads\\\/2024\\\/10\\\/logo-completo-preto.png\",\"width\":1000,\"height\":220,\"caption\":\"Inside Beauty Consultoria\"},\"image\":{\"@id\":\"https:\\\/\\\/insidebeautyconsultoria.com.br\\\/#\\\/schema\\\/logo\\\/image\\\/\"},\"sameAs\":[\"https:\\\/\\\/www.instagram.com\\\/insidebeautyconsultoria\\\/\"]}]}<\/script>\n<!-- \/ Yoast SEO Premium plugin. -->","yoast_head_json":{"title":"Inisde fairs &amp; conventions - Inside Beauty","robots":{"index":"index","follow":"follow","max-snippet":"max-snippet:-1","max-image-preview":"max-image-preview:large","max-video-preview":"max-video-preview:-1"},"canonical":"https:\/\/insidebeautyconsultoria.com.br\/en\/inisde-fairs-conventions\/","og_locale":"en_US","og_type":"article","og_title":"Inisde fairs &amp; conventions","og_description":"Reflex\u00e3o INSIDE FAIRS&amp; CONVENSTIONS &#8211; Curadoria Participamos dos eventos e palestras mais relevantes do mercado de beleza, sempre com foco em identificar as oportunidades que realmente fazem sentido para a sua marca. Com um olhar estrat\u00e9gico, filtramos e organizamos os conte\u00fados mais impactantes, traduzindo-os em insights claros, pr\u00e1ticos e adaptados \u00e0 sua realidade. Assim, sua ... Inisde fairs &amp; conventions","og_url":"https:\/\/insidebeautyconsultoria.com.br\/en\/inisde-fairs-conventions\/","og_site_name":"Inside Beauty","article_modified_time":"2025-01-07T11:52:29+00:00","og_image":[{"width":1180,"height":380,"url":"https:\/\/insidebeautyconsultoria.com.br\/wp-content\/uploads\/2024\/12\/servicos-interna-inside-fair-e-conventions.jpg","type":"image\/jpeg"}],"twitter_card":"summary_large_image","twitter_misc":{"Est. reading time":"2 minutes"},"schema":{"@context":"https:\/\/schema.org","@graph":[{"@type":"WebPage","@id":"https:\/\/insidebeautyconsultoria.com.br\/inisde-fairs-conventions\/","url":"https:\/\/insidebeautyconsultoria.com.br\/inisde-fairs-conventions\/","name":"Inisde fairs &amp; conventions - Inside Beauty","isPartOf":{"@id":"https:\/\/insidebeautyconsultoria.com.br\/#website"},"primaryImageOfPage":{"@id":"https:\/\/insidebeautyconsultoria.com.br\/inisde-fairs-conventions\/#primaryimage"},"image":{"@id":"https:\/\/insidebeautyconsultoria.com.br\/inisde-fairs-conventions\/#primaryimage"},"thumbnailUrl":"https:\/\/insidebeautyconsultoria.com.br\/wp-content\/uploads\/2024\/12\/servicos-interna-inside-fair-e-conventions.jpg","datePublished":"2024-11-30T19:32:05+00:00","dateModified":"2025-01-07T11:52:29+00:00","breadcrumb":{"@id":"https:\/\/insidebeautyconsultoria.com.br\/inisde-fairs-conventions\/#breadcrumb"},"inLanguage":"en-US","potentialAction":[{"@type":"ReadAction","target":["https:\/\/insidebeautyconsultoria.com.br\/inisde-fairs-conventions\/"]}]},{"@type":"ImageObject","inLanguage":"en-US","@id":"https:\/\/insidebeautyconsultoria.com.br\/inisde-fairs-conventions\/#primaryimage","url":"https:\/\/insidebeautyconsultoria.com.br\/wp-content\/uploads\/2024\/12\/servicos-interna-inside-fair-e-conventions.jpg","contentUrl":"https:\/\/insidebeautyconsultoria.com.br\/wp-content\/uploads\/2024\/12\/servicos-interna-inside-fair-e-conventions.jpg","width":1180,"height":380},{"@type":"BreadcrumbList","@id":"https:\/\/insidebeautyconsultoria.com.br\/inisde-fairs-conventions\/#breadcrumb","itemListElement":[{"@type":"ListItem","position":1,"name":"Home","item":"https:\/\/insidebeautyconsultoria.com.br\/"},{"@type":"ListItem","position":2,"name":"Inisde fairs &amp; conventions"}]},{"@type":"WebSite","@id":"https:\/\/insidebeautyconsultoria.com.br\/#website","url":"https:\/\/insidebeautyconsultoria.com.br\/","name":"Inside Beauty Consultoria","description":"","publisher":{"@id":"https:\/\/insidebeautyconsultoria.com.br\/#organization"},"potentialAction":[{"@type":"SearchAction","target":{"@type":"EntryPoint","urlTemplate":"https:\/\/insidebeautyconsultoria.com.br\/?s={search_term_string}"},"query-input":{"@type":"PropertyValueSpecification","valueRequired":true,"valueName":"search_term_string"}}],"inLanguage":"en-US"},{"@type":"Organization","@id":"https:\/\/insidebeautyconsultoria.com.br\/#organization","name":"Inside Beauty Consultoria","url":"https:\/\/insidebeautyconsultoria.com.br\/","logo":{"@type":"ImageObject","inLanguage":"en-US","@id":"https:\/\/insidebeautyconsultoria.com.br\/#\/schema\/logo\/image\/","url":"https:\/\/insidebeautyconsultoria.com.br\/wp-content\/uploads\/2024\/10\/logo-completo-preto.png","contentUrl":"https:\/\/insidebeautyconsultoria.com.br\/wp-content\/uploads\/2024\/10\/logo-completo-preto.png","width":1000,"height":220,"caption":"Inside Beauty Consultoria"},"image":{"@id":"https:\/\/insidebeautyconsultoria.com.br\/#\/schema\/logo\/image\/"},"sameAs":["https:\/\/www.instagram.com\/insidebeautyconsultoria\/"]}]}},"_links":{"self":[{"href":"https:\/\/insidebeautyconsultoria.com.br\/en\/wp-json\/wp\/v2\/pages\/691","targetHints":{"allow":["GET"]}}],"collection":[{"href":"https:\/\/insidebeautyconsultoria.com.br\/en\/wp-json\/wp\/v2\/pages"}],"about":[{"href":"https:\/\/insidebeautyconsultoria.com.br\/en\/wp-json\/wp\/v2\/types\/page"}],"author":[{"embeddable":true,"href":"https:\/\/insidebeautyconsultoria.com.br\/en\/wp-json\/wp\/v2\/users\/1"}],"replies":[{"embeddable":true,"href":"https:\/\/insidebeautyconsultoria.com.br\/en\/wp-json\/wp\/v2\/comments?post=691"}],"version-history":[{"count":5,"href":"https:\/\/insidebeautyconsultoria.com.br\/en\/wp-json\/wp\/v2\/pages\/691\/revisions"}],"predecessor-version":[{"id":1318,"href":"https:\/\/insidebeautyconsultoria.com.br\/en\/wp-json\/wp\/v2\/pages\/691\/revisions\/1318"}],"wp:featuredmedia":[{"embeddable":true,"href":"https:\/\/insidebeautyconsultoria.com.br\/en\/wp-json\/wp\/v2\/media\/1255"}],"wp:attachment":[{"href":"https:\/\/insidebeautyconsultoria.com.br\/en\/wp-json\/wp\/v2\/media?parent=691"}],"curies":[{"name":"wp","href":"https:\/\/api.w.org\/{rel}","templated":true}]}}