{"id":616,"date":"2024-11-30T18:19:29","date_gmt":"2024-11-30T18:19:29","guid":{"rendered":"https:\/\/insidebeautyconsultoria.com.br\/?page_id=616"},"modified":"2026-04-08T10:24:12","modified_gmt":"2026-04-08T13:24:12","slug":"beauty-reports","status":"publish","type":"page","link":"https:\/\/insidebeautyconsultoria.com.br\/en\/beauty-reports\/","title":{"rendered":"Beauty Reports"},"content":{"rendered":"<div data-elementor-type=\"wp-page\" data-elementor-id=\"616\" class=\"elementor elementor-616\" data-elementor-post-type=\"page\">\n\t\t\t\t<div class=\"elementor-element elementor-element-19a47af e-con-full e-flex e-con e-parent\" data-id=\"19a47af\" data-element_type=\"container\" data-e-type=\"container\" data-settings=\"{&quot;background_background&quot;:&quot;classic&quot;}\">\n\t\t<div class=\"elementor-element elementor-element-95f1799 e-flex e-con-boxed e-con e-child\" data-id=\"95f1799\" data-element_type=\"container\" data-e-type=\"container\">\n\t\t\t\t\t<div class=\"e-con-inner\">\n\t\t<div class=\"elementor-element elementor-element-b8a6a59 e-con-full e-flex e-con e-child\" data-id=\"b8a6a59\" data-element_type=\"container\" data-e-type=\"container\">\n\t\t<div class=\"elementor-element elementor-element-b5c2ea3 e-con-full e-flex e-con e-child\" data-id=\"b5c2ea3\" data-element_type=\"container\" data-e-type=\"container\">\n\t\t<div class=\"elementor-element elementor-element-bbaf976 e-con-full e-flex e-con e-child\" data-id=\"bbaf976\" data-element_type=\"container\" data-e-type=\"container\" data-settings=\"{&quot;background_background&quot;:&quot;classic&quot;}\">\n\t\t\t\t<div class=\"elementor-element elementor-element-980e8f2 elementor-widget elementor-widget-button\" data-id=\"980e8f2\" data-element_type=\"widget\" data-e-type=\"widget\" data-widget_type=\"button.default\">\n\t\t\t\t<div class=\"elementor-widget-container\">\n\t\t\t\t\t\t\t\t\t<div class=\"elementor-button-wrapper\">\n\t\t\t\t\t<a class=\"elementor-button elementor-button-link elementor-size-sm\" href=\"\">\n\t\t\t\t\t\t<span class=\"elementor-button-content-wrapper\">\n\t\t\t\t\t\t\t\t\t<span class=\"elementor-button-text\">Inspiration<\/span>\n\t\t\t\t\t<\/span>\n\t\t\t\t\t<\/a>\n\t\t\t\t<\/div>\n\t\t\t\t\t\t\t\t<\/div>\n\t\t\t\t<\/div>\n\t\t\t\t<div class=\"elementor-element elementor-element-6f451e9 elementor-widget elementor-widget-heading\" data-id=\"6f451e9\" data-element_type=\"widget\" data-e-type=\"widget\" data-widget_type=\"heading.default\">\n\t\t\t\t<div class=\"elementor-widget-container\">\n\t\t\t\t\t<h4 class=\"elementor-heading-title elementor-size-default\">BEAUTY<br>INSIDER HUB<\/h4>\t\t\t\t<\/div>\n\t\t\t\t<\/div>\n\t\t\t\t<div class=\"elementor-element elementor-element-de356e0 elementor-widget elementor-widget-text-editor\" data-id=\"de356e0\" data-element_type=\"widget\" data-e-type=\"widget\" data-widget_type=\"text-editor.default\">\n\t\t\t\t<div class=\"elementor-widget-container\">\n\t\t\t\t\t\t\t\t\t<p>Plataforma de conte\u00fado e comunidade para acompanhar a ind\u00fastria e transformar repert\u00f3tio em estrat\u00e9gia.<\/p>\t\t\t\t\t\t\t\t<\/div>\n\t\t\t\t<\/div>\n\t\t\t\t<div class=\"elementor-element elementor-element-03524fa elementor-widget__width-inherit e-transform elementor-hidden-mobile elementor-widget elementor-widget-image\" data-id=\"03524fa\" data-element_type=\"widget\" data-e-type=\"widget\" data-settings=\"{&quot;_transform_translateX_effect&quot;:{&quot;unit&quot;:&quot;px&quot;,&quot;size&quot;:80,&quot;sizes&quot;:[]},&quot;_transform_translateX_effect_tablet&quot;:{&quot;unit&quot;:&quot;px&quot;,&quot;size&quot;:&quot;&quot;,&quot;sizes&quot;:[]},&quot;_transform_translateX_effect_mobile&quot;:{&quot;unit&quot;:&quot;px&quot;,&quot;size&quot;:&quot;&quot;,&quot;sizes&quot;:[]},&quot;_transform_translateY_effect&quot;:{&quot;unit&quot;:&quot;px&quot;,&quot;size&quot;:&quot;&quot;,&quot;sizes&quot;:[]},&quot;_transform_translateY_effect_tablet&quot;:{&quot;unit&quot;:&quot;px&quot;,&quot;size&quot;:&quot;&quot;,&quot;sizes&quot;:[]},&quot;_transform_translateY_effect_mobile&quot;:{&quot;unit&quot;:&quot;px&quot;,&quot;size&quot;:&quot;&quot;,&quot;sizes&quot;:[]}}\" data-widget_type=\"image.default\">\n\t\t\t\t<div class=\"elementor-widget-container\">\n\t\t\t\t\t\t\t\t\t\t\t\t\t\t\t<img fetchpriority=\"high\" decoding=\"async\" width=\"605\" height=\"400\" src=\"https:\/\/insidebeautyconsultoria.com.br\/wp-content\/uploads\/2025\/07\/INSIDE-REPORTS-02-min.webp\" class=\"attachment-full size-full wp-image-2010\" alt=\"\" srcset=\"https:\/\/insidebeautyconsultoria.com.br\/wp-content\/uploads\/2025\/07\/INSIDE-REPORTS-02-min.webp 605w, https:\/\/insidebeautyconsultoria.com.br\/wp-content\/uploads\/2025\/07\/INSIDE-REPORTS-02-min-580x383.webp 580w, https:\/\/insidebeautyconsultoria.com.br\/wp-content\/uploads\/2025\/07\/INSIDE-REPORTS-02-min-18x12.webp 18w, https:\/\/insidebeautyconsultoria.com.br\/wp-content\/uploads\/2025\/07\/INSIDE-REPORTS-02-min-600x397.webp 600w\" sizes=\"(max-width: 605px) 100vw, 605px\" \/>\t\t\t\t\t\t\t\t\t\t\t\t\t\t\t<\/div>\n\t\t\t\t<\/div>\n\t\t\t\t<div class=\"elementor-element elementor-element-5c82f0a elementor-widget__width-inherit elementor-hidden-desktop elementor-hidden-tablet elementor-widget elementor-widget-image\" data-id=\"5c82f0a\" data-element_type=\"widget\" data-e-type=\"widget\" data-widget_type=\"image.default\">\n\t\t\t\t<div class=\"elementor-widget-container\">\n\t\t\t\t\t\t\t\t\t\t\t\t\t\t\t<img fetchpriority=\"high\" decoding=\"async\" width=\"605\" height=\"400\" src=\"https:\/\/insidebeautyconsultoria.com.br\/wp-content\/uploads\/2025\/07\/INSIDE-REPORTS-02-min.webp\" class=\"attachment-full size-full wp-image-2010\" alt=\"\" srcset=\"https:\/\/insidebeautyconsultoria.com.br\/wp-content\/uploads\/2025\/07\/INSIDE-REPORTS-02-min.webp 605w, https:\/\/insidebeautyconsultoria.com.br\/wp-content\/uploads\/2025\/07\/INSIDE-REPORTS-02-min-580x383.webp 580w, https:\/\/insidebeautyconsultoria.com.br\/wp-content\/uploads\/2025\/07\/INSIDE-REPORTS-02-min-18x12.webp 18w, https:\/\/insidebeautyconsultoria.com.br\/wp-content\/uploads\/2025\/07\/INSIDE-REPORTS-02-min-600x397.webp 600w\" sizes=\"(max-width: 605px) 100vw, 605px\" \/>\t\t\t\t\t\t\t\t\t\t\t\t\t\t\t<\/div>\n\t\t\t\t<\/div>\n\t\t\t\t<\/div>\n\t\t\t\t<\/div>\n\t\t<div class=\"elementor-element elementor-element-58b4b13 e-con-full e-flex e-con e-child\" data-id=\"58b4b13\" data-element_type=\"container\" data-e-type=\"container\" data-settings=\"{&quot;background_background&quot;:&quot;classic&quot;}\">\n\t\t<div class=\"elementor-element elementor-element-b0307ee e-con-full e-flex e-con e-child\" data-id=\"b0307ee\" data-element_type=\"container\" data-e-type=\"container\" data-settings=\"{&quot;background_background&quot;:&quot;classic&quot;}\">\n\t\t\t\t<div class=\"elementor-element elementor-element-5438698 elementor-widget elementor-widget-heading\" data-id=\"5438698\" data-element_type=\"widget\" data-e-type=\"widget\" data-widget_type=\"heading.default\">\n\t\t\t\t<div class=\"elementor-widget-container\">\n\t\t\t\t\t<h2 class=\"elementor-heading-title elementor-size-default\">CONTE\u00daDO ESTRAT\u00c9GICO<\/h2>\t\t\t\t<\/div>\n\t\t\t\t<\/div>\n\t\t\t\t<div class=\"elementor-element elementor-element-d725aad elementor-widget elementor-widget-text-editor\" data-id=\"d725aad\" data-element_type=\"widget\" data-e-type=\"widget\" data-widget_type=\"text-editor.default\">\n\t\t\t\t<div class=\"elementor-widget-container\">\n\t\t\t\t\t\t\t\t\t<p>Conte\u00fados desenvolvidos para traduzir<br \/>mercado, comportamento e tend\u00eancias em vis\u00e3o<br \/>aplicada para profissionais da beleza, bem-estar<br \/>e sa\u00fade. Inclui formatos como Beauty Talks,<br \/>Beauty Decodings, Beauty Guides, Beauty<br \/>Movement, Beauty Market, Beauty Behavior,<br \/>Beauty Report e Radar da Inside.<\/p>\t\t\t\t\t\t\t\t<\/div>\n\t\t\t\t<\/div>\n\t\t\t\t<div class=\"elementor-element elementor-element-541e168 elementor-widget elementor-widget-heading\" data-id=\"541e168\" data-element_type=\"widget\" data-e-type=\"widget\" data-widget_type=\"heading.default\">\n\t\t\t\t<div class=\"elementor-widget-container\">\n\t\t\t\t\t<h2 class=\"elementor-heading-title elementor-size-default\">COMUNIDADE E TROCA<\/h2>\t\t\t\t<\/div>\n\t\t\t\t<\/div>\n\t\t\t\t<div class=\"elementor-element elementor-element-f23c6c3 elementor-widget elementor-widget-text-editor\" data-id=\"f23c6c3\" data-element_type=\"widget\" data-e-type=\"widget\" data-widget_type=\"text-editor.default\">\n\t\t\t\t<div class=\"elementor-widget-container\">\n\t\t\t\t\t\t\t\t\t<p>Espa\u00e7os pensados para conectar profissionais,<br \/>ampliar repert\u00f3rio coletivo e estimular conversas<br \/>relevantes sobre os movimentos da ind\u00fastria.<br \/>Acontece por meio do Insider Forum, Close<br \/>Friends, Parcerias em feiras e conven\u00e7\u00f5es,<br \/>Insider Group e Eventos de descompress\u00e3o e<br \/>networking.<\/p>\t\t\t\t\t\t\t\t<\/div>\n\t\t\t\t<\/div>\n\t\t\t\t<div class=\"elementor-element elementor-element-192fd22 elementor-widget elementor-widget-heading\" data-id=\"192fd22\" data-element_type=\"widget\" data-e-type=\"widget\" data-widget_type=\"heading.default\">\n\t\t\t\t<div class=\"elementor-widget-container\">\n\t\t\t\t\t<h2 class=\"elementor-heading-title elementor-size-default\">ATENDIMENTO E DIRECIONAMENTO ESTRAT\u00c9GICO<\/h2>\t\t\t\t<\/div>\n\t\t\t\t<\/div>\n\t\t\t\t<div class=\"elementor-element elementor-element-b8c9cc9 elementor-widget elementor-widget-text-editor\" data-id=\"b8c9cc9\" data-element_type=\"widget\" data-e-type=\"widget\" data-widget_type=\"text-editor.default\">\n\t\t\t\t<div class=\"elementor-widget-container\">\n\t\t\t\t\t\t\t\t\t<p>Formatos de apoio criados para ajudar membros a aprofundar temas, trocar<br \/>vis\u00f5es e acessar direcionamentos mais pr\u00e1ticos para desafios reais. Inclui<br \/>Insider Pauta, Mini diagn\u00f3sticos, Conselho da Inside e BI (Beauty Intelligence).<\/p>\t\t\t\t\t\t\t\t<\/div>\n\t\t\t\t<\/div>\n\t\t<div class=\"elementor-element elementor-element-d7fcf51 e-con-full e-flex e-con e-child\" data-id=\"d7fcf51\" data-element_type=\"container\" data-e-type=\"container\" data-settings=\"{&quot;background_background&quot;:&quot;classic&quot;}\">\n\t\t\t\t<div class=\"elementor-element elementor-element-2b5d393 elementor-widget elementor-widget-heading\" data-id=\"2b5d393\" data-element_type=\"widget\" data-e-type=\"widget\" data-widget_type=\"heading.default\">\n\t\t\t\t<div class=\"elementor-widget-container\">\n\t\t\t\t\t<h2 class=\"elementor-heading-title elementor-size-default\">Pronto para se tornar um Insider?<\/h2>\t\t\t\t<\/div>\n\t\t\t\t<\/div>\n\t\t\t\t<div class=\"elementor-element elementor-element-29faff0 elementor-align-center elementor-widget elementor-widget-button\" data-id=\"29faff0\" data-element_type=\"widget\" data-e-type=\"widget\" data-widget_type=\"button.default\">\n\t\t\t\t<div class=\"elementor-widget-container\">\n\t\t\t\t\t\t\t\t\t<div class=\"elementor-button-wrapper\">\n\t\t\t\t\t<a class=\"elementor-button elementor-button-link elementor-size-sm\" href=\"https:\/\/hub.insidebeauty.com.br\">\n\t\t\t\t\t\t<span class=\"elementor-button-content-wrapper\">\n\t\t\t\t\t\t\t\t\t<span class=\"elementor-button-text\">Acessar<\/span>\n\t\t\t\t\t<\/span>\n\t\t\t\t\t<\/a>\n\t\t\t\t<\/div>\n\t\t\t\t\t\t\t\t<\/div>\n\t\t\t\t<\/div>\n\t\t\t\t<\/div>\n\t\t\t\t<\/div>\n\t\t\t\t<\/div>\n\t\t\t\t<\/div>\n\t\t<div class=\"elementor-element elementor-element-22c9637 e-con-full e-flex e-con e-child\" data-id=\"22c9637\" data-element_type=\"container\" data-e-type=\"container\">\n\t\t\t\t<\/div>\n\t\t\t\t\t<\/div>\n\t\t\t\t<\/div>\n\t\t\t\t<\/div>\n\t\t\t\t<\/div>","protected":false},"excerpt":{"rendered":"<p>Inspira\u00e7\u00e3o BEAUTYINSIDER HUB Plataforma de conte\u00fado e comunidade para acompanhar a ind\u00fastria e transformar repert\u00f3tio em estrat\u00e9gia. CONTE\u00daDO ESTRAT\u00c9GICO Conte\u00fados desenvolvidos para traduzirmercado, comportamento e tend\u00eancias em vis\u00e3oaplicada para profissionais da beleza, bem-estare sa\u00fade. Inclui formatos como Beauty Talks,Beauty Decodings, Beauty Guides, BeautyMovement, Beauty Market, Beauty Behavior,Beauty Report e Radar da Inside. COMUNIDADE E TROCA <a href=\"https:\/\/insidebeautyconsultoria.com.br\/en\/beauty-reports\/\" class=\"more-link\">&#8230;<span class=\"screen-reader-text\">  Beauty Reports<\/span><\/a><\/p>","protected":false},"author":1,"featured_media":1247,"parent":0,"menu_order":0,"comment_status":"closed","ping_status":"closed","template":"elementor_header_footer","meta":{"_acf_changed":false,"nf_dc_page":"","footnotes":""},"class_list":["post-616","page","type-page","status-publish","has-post-thumbnail","hentry"],"acf":[],"yoast_head":"<!-- This site is optimized with the Yoast SEO Premium plugin v24.6 (Yoast SEO v27.4) - https:\/\/yoast.com\/product\/yoast-seo-premium-wordpress\/ -->\n<title>Beauty Reports - Inside Beauty<\/title>\n<meta name=\"robots\" content=\"index, follow, max-snippet:-1, max-image-preview:large, max-video-preview:-1\" \/>\n<link rel=\"canonical\" href=\"https:\/\/insidebeautyconsultoria.com.br\/en\/beauty-reports\/\" \/>\n<meta property=\"og:locale\" content=\"en_US\" \/>\n<meta property=\"og:type\" content=\"article\" \/>\n<meta property=\"og:title\" content=\"Beauty Reports\" \/>\n<meta property=\"og:description\" content=\"Inspira\u00e7\u00e3o BEAUTYINSIDER HUB Plataforma de conte\u00fado e comunidade para acompanhar a ind\u00fastria e transformar repert\u00f3tio em estrat\u00e9gia. CONTE\u00daDO ESTRAT\u00c9GICO Conte\u00fados desenvolvidos para traduzirmercado, comportamento e tend\u00eancias em vis\u00e3oaplicada para profissionais da beleza, bem-estare sa\u00fade. Inclui formatos como Beauty Talks,Beauty Decodings, Beauty Guides, BeautyMovement, Beauty Market, Beauty Behavior,Beauty Report e Radar da Inside. COMUNIDADE E TROCA ... Beauty Reports\" \/>\n<meta property=\"og:url\" content=\"https:\/\/insidebeautyconsultoria.com.br\/en\/beauty-reports\/\" \/>\n<meta property=\"og:site_name\" content=\"Inside Beauty\" \/>\n<meta property=\"article:modified_time\" content=\"2026-04-08T13:24:12+00:00\" \/>\n<meta property=\"og:image\" content=\"https:\/\/insidebeautyconsultoria.com.br\/wp-content\/uploads\/2024\/12\/servicos-interna-inside-reports.jpg\" \/>\n\t<meta property=\"og:image:width\" content=\"1180\" \/>\n\t<meta property=\"og:image:height\" content=\"380\" \/>\n\t<meta property=\"og:image:type\" content=\"image\/jpeg\" \/>\n<meta name=\"twitter:card\" content=\"summary_large_image\" \/>\n<meta name=\"twitter:label1\" content=\"Est. reading time\" \/>\n\t<meta name=\"twitter:data1\" content=\"2 minutes\" \/>\n<script type=\"application\/ld+json\" class=\"yoast-schema-graph\">{\"@context\":\"https:\\\/\\\/schema.org\",\"@graph\":[{\"@type\":\"WebPage\",\"@id\":\"https:\\\/\\\/insidebeautyconsultoria.com.br\\\/beauty-reports\\\/\",\"url\":\"https:\\\/\\\/insidebeautyconsultoria.com.br\\\/beauty-reports\\\/\",\"name\":\"Beauty Reports - Inside Beauty\",\"isPartOf\":{\"@id\":\"https:\\\/\\\/insidebeautyconsultoria.com.br\\\/#website\"},\"primaryImageOfPage\":{\"@id\":\"https:\\\/\\\/insidebeautyconsultoria.com.br\\\/beauty-reports\\\/#primaryimage\"},\"image\":{\"@id\":\"https:\\\/\\\/insidebeautyconsultoria.com.br\\\/beauty-reports\\\/#primaryimage\"},\"thumbnailUrl\":\"https:\\\/\\\/insidebeautyconsultoria.com.br\\\/wp-content\\\/uploads\\\/2024\\\/12\\\/servicos-interna-inside-reports.jpg\",\"datePublished\":\"2024-11-30T18:19:29+00:00\",\"dateModified\":\"2026-04-08T13:24:12+00:00\",\"breadcrumb\":{\"@id\":\"https:\\\/\\\/insidebeautyconsultoria.com.br\\\/beauty-reports\\\/#breadcrumb\"},\"inLanguage\":\"en-US\",\"potentialAction\":[{\"@type\":\"ReadAction\",\"target\":[\"https:\\\/\\\/insidebeautyconsultoria.com.br\\\/beauty-reports\\\/\"]}]},{\"@type\":\"ImageObject\",\"inLanguage\":\"en-US\",\"@id\":\"https:\\\/\\\/insidebeautyconsultoria.com.br\\\/beauty-reports\\\/#primaryimage\",\"url\":\"https:\\\/\\\/insidebeautyconsultoria.com.br\\\/wp-content\\\/uploads\\\/2024\\\/12\\\/servicos-interna-inside-reports.jpg\",\"contentUrl\":\"https:\\\/\\\/insidebeautyconsultoria.com.br\\\/wp-content\\\/uploads\\\/2024\\\/12\\\/servicos-interna-inside-reports.jpg\",\"width\":1180,\"height\":380},{\"@type\":\"BreadcrumbList\",\"@id\":\"https:\\\/\\\/insidebeautyconsultoria.com.br\\\/beauty-reports\\\/#breadcrumb\",\"itemListElement\":[{\"@type\":\"ListItem\",\"position\":1,\"name\":\"Home\",\"item\":\"https:\\\/\\\/insidebeautyconsultoria.com.br\\\/\"},{\"@type\":\"ListItem\",\"position\":2,\"name\":\"Beauty Reports\"}]},{\"@type\":\"WebSite\",\"@id\":\"https:\\\/\\\/insidebeautyconsultoria.com.br\\\/#website\",\"url\":\"https:\\\/\\\/insidebeautyconsultoria.com.br\\\/\",\"name\":\"Inside Beauty Consultoria\",\"description\":\"\",\"publisher\":{\"@id\":\"https:\\\/\\\/insidebeautyconsultoria.com.br\\\/#organization\"},\"potentialAction\":[{\"@type\":\"SearchAction\",\"target\":{\"@type\":\"EntryPoint\",\"urlTemplate\":\"https:\\\/\\\/insidebeautyconsultoria.com.br\\\/?s={search_term_string}\"},\"query-input\":{\"@type\":\"PropertyValueSpecification\",\"valueRequired\":true,\"valueName\":\"search_term_string\"}}],\"inLanguage\":\"en-US\"},{\"@type\":\"Organization\",\"@id\":\"https:\\\/\\\/insidebeautyconsultoria.com.br\\\/#organization\",\"name\":\"Inside Beauty Consultoria\",\"url\":\"https:\\\/\\\/insidebeautyconsultoria.com.br\\\/\",\"logo\":{\"@type\":\"ImageObject\",\"inLanguage\":\"en-US\",\"@id\":\"https:\\\/\\\/insidebeautyconsultoria.com.br\\\/#\\\/schema\\\/logo\\\/image\\\/\",\"url\":\"https:\\\/\\\/insidebeautyconsultoria.com.br\\\/wp-content\\\/uploads\\\/2024\\\/10\\\/logo-completo-preto.png\",\"contentUrl\":\"https:\\\/\\\/insidebeautyconsultoria.com.br\\\/wp-content\\\/uploads\\\/2024\\\/10\\\/logo-completo-preto.png\",\"width\":1000,\"height\":220,\"caption\":\"Inside Beauty Consultoria\"},\"image\":{\"@id\":\"https:\\\/\\\/insidebeautyconsultoria.com.br\\\/#\\\/schema\\\/logo\\\/image\\\/\"},\"sameAs\":[\"https:\\\/\\\/www.instagram.com\\\/insidebeautyconsultoria\\\/\"]}]}<\/script>\n<!-- \/ Yoast SEO Premium plugin. -->","yoast_head_json":{"title":"Beauty Reports - Inside Beauty","robots":{"index":"index","follow":"follow","max-snippet":"max-snippet:-1","max-image-preview":"max-image-preview:large","max-video-preview":"max-video-preview:-1"},"canonical":"https:\/\/insidebeautyconsultoria.com.br\/en\/beauty-reports\/","og_locale":"en_US","og_type":"article","og_title":"Beauty Reports","og_description":"Inspira\u00e7\u00e3o BEAUTYINSIDER HUB Plataforma de conte\u00fado e comunidade para acompanhar a ind\u00fastria e transformar repert\u00f3tio em estrat\u00e9gia. CONTE\u00daDO ESTRAT\u00c9GICO Conte\u00fados desenvolvidos para traduzirmercado, comportamento e tend\u00eancias em vis\u00e3oaplicada para profissionais da beleza, bem-estare sa\u00fade. Inclui formatos como Beauty Talks,Beauty Decodings, Beauty Guides, BeautyMovement, Beauty Market, Beauty Behavior,Beauty Report e Radar da Inside. COMUNIDADE E TROCA ... Beauty Reports","og_url":"https:\/\/insidebeautyconsultoria.com.br\/en\/beauty-reports\/","og_site_name":"Inside Beauty","article_modified_time":"2026-04-08T13:24:12+00:00","og_image":[{"width":1180,"height":380,"url":"https:\/\/insidebeautyconsultoria.com.br\/wp-content\/uploads\/2024\/12\/servicos-interna-inside-reports.jpg","type":"image\/jpeg"}],"twitter_card":"summary_large_image","twitter_misc":{"Est. reading time":"2 minutes"},"schema":{"@context":"https:\/\/schema.org","@graph":[{"@type":"WebPage","@id":"https:\/\/insidebeautyconsultoria.com.br\/beauty-reports\/","url":"https:\/\/insidebeautyconsultoria.com.br\/beauty-reports\/","name":"Beauty Reports - Inside Beauty","isPartOf":{"@id":"https:\/\/insidebeautyconsultoria.com.br\/#website"},"primaryImageOfPage":{"@id":"https:\/\/insidebeautyconsultoria.com.br\/beauty-reports\/#primaryimage"},"image":{"@id":"https:\/\/insidebeautyconsultoria.com.br\/beauty-reports\/#primaryimage"},"thumbnailUrl":"https:\/\/insidebeautyconsultoria.com.br\/wp-content\/uploads\/2024\/12\/servicos-interna-inside-reports.jpg","datePublished":"2024-11-30T18:19:29+00:00","dateModified":"2026-04-08T13:24:12+00:00","breadcrumb":{"@id":"https:\/\/insidebeautyconsultoria.com.br\/beauty-reports\/#breadcrumb"},"inLanguage":"en-US","potentialAction":[{"@type":"ReadAction","target":["https:\/\/insidebeautyconsultoria.com.br\/beauty-reports\/"]}]},{"@type":"ImageObject","inLanguage":"en-US","@id":"https:\/\/insidebeautyconsultoria.com.br\/beauty-reports\/#primaryimage","url":"https:\/\/insidebeautyconsultoria.com.br\/wp-content\/uploads\/2024\/12\/servicos-interna-inside-reports.jpg","contentUrl":"https:\/\/insidebeautyconsultoria.com.br\/wp-content\/uploads\/2024\/12\/servicos-interna-inside-reports.jpg","width":1180,"height":380},{"@type":"BreadcrumbList","@id":"https:\/\/insidebeautyconsultoria.com.br\/beauty-reports\/#breadcrumb","itemListElement":[{"@type":"ListItem","position":1,"name":"Home","item":"https:\/\/insidebeautyconsultoria.com.br\/"},{"@type":"ListItem","position":2,"name":"Beauty Reports"}]},{"@type":"WebSite","@id":"https:\/\/insidebeautyconsultoria.com.br\/#website","url":"https:\/\/insidebeautyconsultoria.com.br\/","name":"Inside Beauty Consultoria","description":"","publisher":{"@id":"https:\/\/insidebeautyconsultoria.com.br\/#organization"},"potentialAction":[{"@type":"SearchAction","target":{"@type":"EntryPoint","urlTemplate":"https:\/\/insidebeautyconsultoria.com.br\/?s={search_term_string}"},"query-input":{"@type":"PropertyValueSpecification","valueRequired":true,"valueName":"search_term_string"}}],"inLanguage":"en-US"},{"@type":"Organization","@id":"https:\/\/insidebeautyconsultoria.com.br\/#organization","name":"Inside Beauty Consultoria","url":"https:\/\/insidebeautyconsultoria.com.br\/","logo":{"@type":"ImageObject","inLanguage":"en-US","@id":"https:\/\/insidebeautyconsultoria.com.br\/#\/schema\/logo\/image\/","url":"https:\/\/insidebeautyconsultoria.com.br\/wp-content\/uploads\/2024\/10\/logo-completo-preto.png","contentUrl":"https:\/\/insidebeautyconsultoria.com.br\/wp-content\/uploads\/2024\/10\/logo-completo-preto.png","width":1000,"height":220,"caption":"Inside Beauty Consultoria"},"image":{"@id":"https:\/\/insidebeautyconsultoria.com.br\/#\/schema\/logo\/image\/"},"sameAs":["https:\/\/www.instagram.com\/insidebeautyconsultoria\/"]}]}},"_links":{"self":[{"href":"https:\/\/insidebeautyconsultoria.com.br\/en\/wp-json\/wp\/v2\/pages\/616","targetHints":{"allow":["GET"]}}],"collection":[{"href":"https:\/\/insidebeautyconsultoria.com.br\/en\/wp-json\/wp\/v2\/pages"}],"about":[{"href":"https:\/\/insidebeautyconsultoria.com.br\/en\/wp-json\/wp\/v2\/types\/page"}],"author":[{"embeddable":true,"href":"https:\/\/insidebeautyconsultoria.com.br\/en\/wp-json\/wp\/v2\/users\/1"}],"replies":[{"embeddable":true,"href":"https:\/\/insidebeautyconsultoria.com.br\/en\/wp-json\/wp\/v2\/comments?post=616"}],"version-history":[{"count":5,"href":"https:\/\/insidebeautyconsultoria.com.br\/en\/wp-json\/wp\/v2\/pages\/616\/revisions"}],"predecessor-version":[{"id":2390,"href":"https:\/\/insidebeautyconsultoria.com.br\/en\/wp-json\/wp\/v2\/pages\/616\/revisions\/2390"}],"wp:featuredmedia":[{"embeddable":true,"href":"https:\/\/insidebeautyconsultoria.com.br\/en\/wp-json\/wp\/v2\/media\/1247"}],"wp:attachment":[{"href":"https:\/\/insidebeautyconsultoria.com.br\/en\/wp-json\/wp\/v2\/media?parent=616"}],"curies":[{"name":"wp","href":"https:\/\/api.w.org\/{rel}","templated":true}]}}