{"id":1776,"date":"2025-07-23T15:15:36","date_gmt":"2025-07-23T18:15:36","guid":{"rendered":"https:\/\/insidebeautyconsultoria.com.br\/?page_id=1776"},"modified":"2026-04-08T10:06:37","modified_gmt":"2026-04-08T13:06:37","slug":"beauty-talks-2","status":"publish","type":"page","link":"https:\/\/insidebeautyconsultoria.com.br\/en\/beauty-talks-2\/","title":{"rendered":"Beauty Talks"},"content":{"rendered":"<div data-elementor-type=\"wp-page\" data-elementor-id=\"1776\" class=\"elementor elementor-1776\" data-elementor-post-type=\"page\">\n\t\t\t\t<div class=\"elementor-element elementor-element-19a47af e-con-full e-flex e-con e-parent\" data-id=\"19a47af\" data-element_type=\"container\" data-e-type=\"container\" data-settings=\"{&quot;background_background&quot;:&quot;classic&quot;}\">\n\t\t<div class=\"elementor-element elementor-element-95f1799 e-flex e-con-boxed e-con e-child\" data-id=\"95f1799\" data-element_type=\"container\" data-e-type=\"container\">\n\t\t\t\t\t<div class=\"e-con-inner\">\n\t\t<div class=\"elementor-element elementor-element-b8a6a59 e-con-full e-flex e-con e-child\" data-id=\"b8a6a59\" data-element_type=\"container\" data-e-type=\"container\">\n\t\t<div class=\"elementor-element elementor-element-b5c2ea3 e-con-full e-flex e-con e-child\" data-id=\"b5c2ea3\" data-element_type=\"container\" data-e-type=\"container\">\n\t\t<div class=\"elementor-element elementor-element-bbaf976 e-con-full e-flex e-con e-child\" data-id=\"bbaf976\" data-element_type=\"container\" data-e-type=\"container\" data-settings=\"{&quot;background_background&quot;:&quot;classic&quot;}\">\n\t\t\t\t<div class=\"elementor-element elementor-element-980e8f2 elementor-widget elementor-widget-button\" data-id=\"980e8f2\" data-element_type=\"widget\" data-e-type=\"widget\" data-widget_type=\"button.default\">\n\t\t\t\t<div class=\"elementor-widget-container\">\n\t\t\t\t\t\t\t\t\t<div class=\"elementor-button-wrapper\">\n\t\t\t\t\t<a class=\"elementor-button elementor-button-link elementor-size-sm\" href=\"\">\n\t\t\t\t\t\t<span class=\"elementor-button-content-wrapper\">\n\t\t\t\t\t\t\t\t\t<span class=\"elementor-button-text\">Reflection<\/span>\n\t\t\t\t\t<\/span>\n\t\t\t\t\t<\/a>\n\t\t\t\t<\/div>\n\t\t\t\t\t\t\t\t<\/div>\n\t\t\t\t<\/div>\n\t\t\t\t<div class=\"elementor-element elementor-element-6f451e9 elementor-widget elementor-widget-heading\" data-id=\"6f451e9\" data-element_type=\"widget\" data-e-type=\"widget\" data-widget_type=\"heading.default\">\n\t\t\t\t<div class=\"elementor-widget-container\">\n\t\t\t\t\t<h4 class=\"elementor-heading-title elementor-size-default translation-block\">BEAUTY<br>TALKS<\/h4>\t\t\t\t<\/div>\n\t\t\t\t<\/div>\n\t\t\t\t<div class=\"elementor-element elementor-element-7101a6f elementor-widget elementor-widget-text-editor\" data-id=\"7101a6f\" data-element_type=\"widget\" data-e-type=\"widget\" data-widget_type=\"text-editor.default\">\n\t\t\t\t<div class=\"elementor-widget-container\">\n\t\t\t\t\t\t\t\t\t<p>Conversas que inspiram, atualizam e provocam novas<br \/>formas de pensar a ind\u00fastria da beleza.<\/p>\t\t\t\t\t\t\t\t<\/div>\n\t\t\t\t<\/div>\n\t\t\t\t<div class=\"elementor-element elementor-element-03524fa elementor-widget__width-inherit e-transform elementor-hidden-mobile elementor-widget elementor-widget-image\" data-id=\"03524fa\" data-element_type=\"widget\" data-e-type=\"widget\" data-settings=\"{&quot;_transform_translateX_effect&quot;:{&quot;unit&quot;:&quot;px&quot;,&quot;size&quot;:80,&quot;sizes&quot;:[]},&quot;_transform_translateX_effect_tablet&quot;:{&quot;unit&quot;:&quot;px&quot;,&quot;size&quot;:&quot;&quot;,&quot;sizes&quot;:[]},&quot;_transform_translateX_effect_mobile&quot;:{&quot;unit&quot;:&quot;px&quot;,&quot;size&quot;:&quot;&quot;,&quot;sizes&quot;:[]},&quot;_transform_translateY_effect&quot;:{&quot;unit&quot;:&quot;px&quot;,&quot;size&quot;:&quot;&quot;,&quot;sizes&quot;:[]},&quot;_transform_translateY_effect_tablet&quot;:{&quot;unit&quot;:&quot;px&quot;,&quot;size&quot;:&quot;&quot;,&quot;sizes&quot;:[]},&quot;_transform_translateY_effect_mobile&quot;:{&quot;unit&quot;:&quot;px&quot;,&quot;size&quot;:&quot;&quot;,&quot;sizes&quot;:[]}}\" data-widget_type=\"image.default\">\n\t\t\t\t<div class=\"elementor-widget-container\">\n\t\t\t\t\t\t\t\t\t\t\t\t\t\t\t<img fetchpriority=\"high\" decoding=\"async\" width=\"668\" height=\"400\" src=\"https:\/\/insidebeautyconsultoria.com.br\/wp-content\/uploads\/2025\/07\/BEAUTY-TALKS-02-min.webp\" class=\"attachment-full size-full wp-image-2009\" alt=\"\" srcset=\"https:\/\/insidebeautyconsultoria.com.br\/wp-content\/uploads\/2025\/07\/BEAUTY-TALKS-02-min.webp 668w, https:\/\/insidebeautyconsultoria.com.br\/wp-content\/uploads\/2025\/07\/BEAUTY-TALKS-02-min-580x347.webp 580w, https:\/\/insidebeautyconsultoria.com.br\/wp-content\/uploads\/2025\/07\/BEAUTY-TALKS-02-min-18x12.webp 18w, https:\/\/insidebeautyconsultoria.com.br\/wp-content\/uploads\/2025\/07\/BEAUTY-TALKS-02-min-600x359.webp 600w\" sizes=\"(max-width: 668px) 100vw, 668px\" \/>\t\t\t\t\t\t\t\t\t\t\t\t\t\t\t<\/div>\n\t\t\t\t<\/div>\n\t\t\t\t<div class=\"elementor-element elementor-element-e760ac3 elementor-widget__width-inherit elementor-hidden-desktop elementor-hidden-tablet elementor-widget elementor-widget-image\" data-id=\"e760ac3\" data-element_type=\"widget\" data-e-type=\"widget\" data-widget_type=\"image.default\">\n\t\t\t\t<div class=\"elementor-widget-container\">\n\t\t\t\t\t\t\t\t\t\t\t\t\t\t\t<img fetchpriority=\"high\" decoding=\"async\" width=\"668\" height=\"400\" src=\"https:\/\/insidebeautyconsultoria.com.br\/wp-content\/uploads\/2025\/07\/BEAUTY-TALKS-02-min.webp\" class=\"attachment-full size-full wp-image-2009\" alt=\"\" srcset=\"https:\/\/insidebeautyconsultoria.com.br\/wp-content\/uploads\/2025\/07\/BEAUTY-TALKS-02-min.webp 668w, https:\/\/insidebeautyconsultoria.com.br\/wp-content\/uploads\/2025\/07\/BEAUTY-TALKS-02-min-580x347.webp 580w, https:\/\/insidebeautyconsultoria.com.br\/wp-content\/uploads\/2025\/07\/BEAUTY-TALKS-02-min-18x12.webp 18w, https:\/\/insidebeautyconsultoria.com.br\/wp-content\/uploads\/2025\/07\/BEAUTY-TALKS-02-min-600x359.webp 600w\" sizes=\"(max-width: 668px) 100vw, 668px\" \/>\t\t\t\t\t\t\t\t\t\t\t\t\t\t\t<\/div>\n\t\t\t\t<\/div>\n\t\t\t\t<\/div>\n\t\t\t\t<\/div>\n\t\t<div class=\"elementor-element elementor-element-58b4b13 e-con-full e-flex e-con e-child\" data-id=\"58b4b13\" data-element_type=\"container\" data-e-type=\"container\" data-settings=\"{&quot;background_background&quot;:&quot;classic&quot;}\">\n\t\t<div class=\"elementor-element elementor-element-b0307ee e-con-full e-flex e-con e-child\" data-id=\"b0307ee\" data-element_type=\"container\" data-e-type=\"container\" data-settings=\"{&quot;background_background&quot;:&quot;classic&quot;}\">\n\t\t\t\t<div class=\"elementor-element elementor-element-f0ef8c3 elementor-widget elementor-widget-heading\" data-id=\"f0ef8c3\" data-element_type=\"widget\" data-e-type=\"widget\" data-widget_type=\"heading.default\">\n\t\t\t\t<div class=\"elementor-widget-container\">\n\t\t\t\t\t<h2 class=\"elementor-heading-title elementor-size-default\">MASTERCLASS<\/h2>\t\t\t\t<\/div>\n\t\t\t\t<\/div>\n\t\t\t\t<div class=\"elementor-element elementor-element-a988175 elementor-widget elementor-widget-text-editor\" data-id=\"a988175\" data-element_type=\"widget\" data-e-type=\"widget\" data-widget_type=\"text-editor.default\">\n\t\t\t\t<div class=\"elementor-widget-container\">\n\t\t\t\t\t\t\t\t\t<p>Apresenta\u00e7\u00f5es aprofundadas que exploram temas<br \/>espec\u00edficos da ind\u00fastria, como tend\u00eancias,<br \/>comportamento do consumidor ou estrat\u00e9gias de<br \/>mercado, trazendo insights relevantes para equipes e<br \/>profissionais.<\/p>\t\t\t\t\t\t\t\t<\/div>\n\t\t\t\t<\/div>\n\t\t\t\t<div class=\"elementor-element elementor-element-8688d6f elementor-widget elementor-widget-heading\" data-id=\"8688d6f\" data-element_type=\"widget\" data-e-type=\"widget\" data-widget_type=\"heading.default\">\n\t\t\t\t<div class=\"elementor-widget-container\">\n\t\t\t\t\t<h2 class=\"elementor-heading-title elementor-size-default\">PALESTRAS<\/h2>\t\t\t\t<\/div>\n\t\t\t\t<\/div>\n\t\t\t\t<div class=\"elementor-element elementor-element-50f9460 elementor-widget elementor-widget-text-editor\" data-id=\"50f9460\" data-element_type=\"widget\" data-e-type=\"widget\" data-widget_type=\"text-editor.default\">\n\t\t\t\t<div class=\"elementor-widget-container\">\n\t\t\t\t\t\t\t\t\t<p>Conte\u00fados inspiracionais que conectam repert\u00f3rio,<br \/>tend\u00eancias e reflex\u00f5es sobre o futuro da beleza,<br \/>ajudando empresas e eventos a estimular novas formas<br \/>de pensar o mercado.<\/p>\t\t\t\t\t\t\t\t<\/div>\n\t\t\t\t<\/div>\n\t\t\t\t<div class=\"elementor-element elementor-element-54bdd9f elementor-widget elementor-widget-heading\" data-id=\"54bdd9f\" data-element_type=\"widget\" data-e-type=\"widget\" data-widget_type=\"heading.default\">\n\t\t\t\t<div class=\"elementor-widget-container\">\n\t\t\t\t\t<h2 class=\"elementor-heading-title elementor-size-default\">PAIN\u00c9IS<\/h2>\t\t\t\t<\/div>\n\t\t\t\t<\/div>\n\t\t\t\t<div class=\"elementor-element elementor-element-a6cbc2d elementor-widget elementor-widget-text-editor\" data-id=\"a6cbc2d\" data-element_type=\"widget\" data-e-type=\"widget\" data-widget_type=\"text-editor.default\">\n\t\t\t\t<div class=\"elementor-widget-container\">\n\t\t\t\t\t\t\t\t\t<p>Conversas mediadas com especialistas e convidados<br \/>que discutem diferentes perspectivas sobre temas<br \/>relevantes da ind\u00fastria, estimulando troca de ideias e<br \/>vis\u00e3o cr\u00edtica.<\/p>\t\t\t\t\t\t\t\t<\/div>\n\t\t\t\t<\/div>\n\t\t<div class=\"elementor-element elementor-element-36b0d2e e-con-full e-flex e-con e-child\" data-id=\"36b0d2e\" data-element_type=\"container\" data-e-type=\"container\" data-settings=\"{&quot;background_background&quot;:&quot;classic&quot;}\">\n\t\t\t\t<div class=\"elementor-element elementor-element-7cc6dd7 elementor-widget elementor-widget-heading\" data-id=\"7cc6dd7\" data-element_type=\"widget\" data-e-type=\"widget\" data-widget_type=\"heading.default\">\n\t\t\t\t<div class=\"elementor-widget-container\">\n\t\t\t\t\t<h2 class=\"elementor-heading-title elementor-size-default\">Vamos conversar. Nos envie um WhatsApp.<\/h2>\t\t\t\t<\/div>\n\t\t\t\t<\/div>\n\t\t\t\t<\/div>\n\t\t\t\t<\/div>\n\t\t\t\t<\/div>\n\t\t\t\t<\/div>\n\t\t<div class=\"elementor-element elementor-element-22c9637 e-con-full e-flex e-con e-child\" data-id=\"22c9637\" data-element_type=\"container\" data-e-type=\"container\">\n\t\t\t\t<\/div>\n\t\t\t\t\t<\/div>\n\t\t\t\t<\/div>\n\t\t\t\t<\/div>\n\t\t\t\t<\/div>","protected":false},"excerpt":{"rendered":"<p>Reflex\u00e3o BEAUTYTALKS Conversas que inspiram, atualizam e provocam novasformas de pensar a ind\u00fastria da beleza. MASTERCLASS Apresenta\u00e7\u00f5es aprofundadas que exploram temasespec\u00edficos da ind\u00fastria, como tend\u00eancias,comportamento do consumidor ou estrat\u00e9gias demercado, trazendo insights relevantes para equipes eprofissionais. PALESTRAS Conte\u00fados inspiracionais que conectam repert\u00f3rio,tend\u00eancias e reflex\u00f5es sobre o futuro da beleza,ajudando empresas e eventos a estimular novas <a href=\"https:\/\/insidebeautyconsultoria.com.br\/en\/beauty-talks-2\/\" class=\"more-link\">&#8230;<span class=\"screen-reader-text\">  Beauty Talks<\/span><\/a><\/p>","protected":false},"author":1,"featured_media":1255,"parent":0,"menu_order":0,"comment_status":"closed","ping_status":"closed","template":"elementor_header_footer","meta":{"_acf_changed":false,"nf_dc_page":"","footnotes":""},"class_list":["post-1776","page","type-page","status-publish","has-post-thumbnail","hentry"],"acf":[],"yoast_head":"<!-- This site is optimized with the Yoast SEO Premium plugin v24.6 (Yoast SEO v27.4) - https:\/\/yoast.com\/product\/yoast-seo-premium-wordpress\/ -->\n<title>Beauty Talks - Inside Beauty<\/title>\n<meta name=\"robots\" content=\"index, follow, max-snippet:-1, max-image-preview:large, max-video-preview:-1\" \/>\n<link rel=\"canonical\" href=\"https:\/\/insidebeautyconsultoria.com.br\/en\/beauty-talks-2\/\" \/>\n<meta property=\"og:locale\" content=\"en_US\" \/>\n<meta property=\"og:type\" content=\"article\" \/>\n<meta property=\"og:title\" content=\"Beauty Talks\" \/>\n<meta property=\"og:description\" content=\"Reflex\u00e3o BEAUTYTALKS Conversas que inspiram, atualizam e provocam novasformas de pensar a ind\u00fastria da beleza. MASTERCLASS Apresenta\u00e7\u00f5es aprofundadas que exploram temasespec\u00edficos da ind\u00fastria, como tend\u00eancias,comportamento do consumidor ou estrat\u00e9gias demercado, trazendo insights relevantes para equipes eprofissionais. PALESTRAS Conte\u00fados inspiracionais que conectam repert\u00f3rio,tend\u00eancias e reflex\u00f5es sobre o futuro da beleza,ajudando empresas e eventos a estimular novas ... Beauty Talks\" \/>\n<meta property=\"og:url\" content=\"https:\/\/insidebeautyconsultoria.com.br\/en\/beauty-talks-2\/\" \/>\n<meta property=\"og:site_name\" content=\"Inside Beauty\" \/>\n<meta property=\"article:modified_time\" content=\"2026-04-08T13:06:37+00:00\" \/>\n<meta property=\"og:image\" content=\"https:\/\/insidebeautyconsultoria.com.br\/wp-content\/uploads\/2024\/12\/servicos-interna-inside-fair-e-conventions.jpg\" \/>\n\t<meta property=\"og:image:width\" content=\"1180\" \/>\n\t<meta property=\"og:image:height\" content=\"380\" \/>\n\t<meta property=\"og:image:type\" content=\"image\/jpeg\" \/>\n<meta name=\"twitter:card\" content=\"summary_large_image\" \/>\n<meta name=\"twitter:label1\" content=\"Est. reading time\" \/>\n\t<meta name=\"twitter:data1\" content=\"1 minute\" \/>\n<script type=\"application\/ld+json\" class=\"yoast-schema-graph\">{\"@context\":\"https:\\\/\\\/schema.org\",\"@graph\":[{\"@type\":\"WebPage\",\"@id\":\"https:\\\/\\\/insidebeautyconsultoria.com.br\\\/beauty-talks-2\\\/\",\"url\":\"https:\\\/\\\/insidebeautyconsultoria.com.br\\\/beauty-talks-2\\\/\",\"name\":\"Beauty Talks - Inside Beauty\",\"isPartOf\":{\"@id\":\"https:\\\/\\\/insidebeautyconsultoria.com.br\\\/#website\"},\"primaryImageOfPage\":{\"@id\":\"https:\\\/\\\/insidebeautyconsultoria.com.br\\\/beauty-talks-2\\\/#primaryimage\"},\"image\":{\"@id\":\"https:\\\/\\\/insidebeautyconsultoria.com.br\\\/beauty-talks-2\\\/#primaryimage\"},\"thumbnailUrl\":\"https:\\\/\\\/insidebeautyconsultoria.com.br\\\/wp-content\\\/uploads\\\/2024\\\/12\\\/servicos-interna-inside-fair-e-conventions.jpg\",\"datePublished\":\"2025-07-23T18:15:36+00:00\",\"dateModified\":\"2026-04-08T13:06:37+00:00\",\"breadcrumb\":{\"@id\":\"https:\\\/\\\/insidebeautyconsultoria.com.br\\\/beauty-talks-2\\\/#breadcrumb\"},\"inLanguage\":\"en-US\",\"potentialAction\":[{\"@type\":\"ReadAction\",\"target\":[\"https:\\\/\\\/insidebeautyconsultoria.com.br\\\/beauty-talks-2\\\/\"]}]},{\"@type\":\"ImageObject\",\"inLanguage\":\"en-US\",\"@id\":\"https:\\\/\\\/insidebeautyconsultoria.com.br\\\/beauty-talks-2\\\/#primaryimage\",\"url\":\"https:\\\/\\\/insidebeautyconsultoria.com.br\\\/wp-content\\\/uploads\\\/2024\\\/12\\\/servicos-interna-inside-fair-e-conventions.jpg\",\"contentUrl\":\"https:\\\/\\\/insidebeautyconsultoria.com.br\\\/wp-content\\\/uploads\\\/2024\\\/12\\\/servicos-interna-inside-fair-e-conventions.jpg\",\"width\":1180,\"height\":380},{\"@type\":\"BreadcrumbList\",\"@id\":\"https:\\\/\\\/insidebeautyconsultoria.com.br\\\/beauty-talks-2\\\/#breadcrumb\",\"itemListElement\":[{\"@type\":\"ListItem\",\"position\":1,\"name\":\"Home\",\"item\":\"https:\\\/\\\/insidebeautyconsultoria.com.br\\\/\"},{\"@type\":\"ListItem\",\"position\":2,\"name\":\"Beauty Talks\"}]},{\"@type\":\"WebSite\",\"@id\":\"https:\\\/\\\/insidebeautyconsultoria.com.br\\\/#website\",\"url\":\"https:\\\/\\\/insidebeautyconsultoria.com.br\\\/\",\"name\":\"Inside Beauty Consultoria\",\"description\":\"\",\"publisher\":{\"@id\":\"https:\\\/\\\/insidebeautyconsultoria.com.br\\\/#organization\"},\"potentialAction\":[{\"@type\":\"SearchAction\",\"target\":{\"@type\":\"EntryPoint\",\"urlTemplate\":\"https:\\\/\\\/insidebeautyconsultoria.com.br\\\/?s={search_term_string}\"},\"query-input\":{\"@type\":\"PropertyValueSpecification\",\"valueRequired\":true,\"valueName\":\"search_term_string\"}}],\"inLanguage\":\"en-US\"},{\"@type\":\"Organization\",\"@id\":\"https:\\\/\\\/insidebeautyconsultoria.com.br\\\/#organization\",\"name\":\"Inside Beauty Consultoria\",\"url\":\"https:\\\/\\\/insidebeautyconsultoria.com.br\\\/\",\"logo\":{\"@type\":\"ImageObject\",\"inLanguage\":\"en-US\",\"@id\":\"https:\\\/\\\/insidebeautyconsultoria.com.br\\\/#\\\/schema\\\/logo\\\/image\\\/\",\"url\":\"https:\\\/\\\/insidebeautyconsultoria.com.br\\\/wp-content\\\/uploads\\\/2024\\\/10\\\/logo-completo-preto.png\",\"contentUrl\":\"https:\\\/\\\/insidebeautyconsultoria.com.br\\\/wp-content\\\/uploads\\\/2024\\\/10\\\/logo-completo-preto.png\",\"width\":1000,\"height\":220,\"caption\":\"Inside Beauty Consultoria\"},\"image\":{\"@id\":\"https:\\\/\\\/insidebeautyconsultoria.com.br\\\/#\\\/schema\\\/logo\\\/image\\\/\"},\"sameAs\":[\"https:\\\/\\\/www.instagram.com\\\/insidebeautyconsultoria\\\/\"]}]}<\/script>\n<!-- \/ Yoast SEO Premium plugin. -->","yoast_head_json":{"title":"Beauty Talks - Inside Beauty","robots":{"index":"index","follow":"follow","max-snippet":"max-snippet:-1","max-image-preview":"max-image-preview:large","max-video-preview":"max-video-preview:-1"},"canonical":"https:\/\/insidebeautyconsultoria.com.br\/en\/beauty-talks-2\/","og_locale":"en_US","og_type":"article","og_title":"Beauty Talks","og_description":"Reflex\u00e3o BEAUTYTALKS Conversas que inspiram, atualizam e provocam novasformas de pensar a ind\u00fastria da beleza. MASTERCLASS Apresenta\u00e7\u00f5es aprofundadas que exploram temasespec\u00edficos da ind\u00fastria, como tend\u00eancias,comportamento do consumidor ou estrat\u00e9gias demercado, trazendo insights relevantes para equipes eprofissionais. PALESTRAS Conte\u00fados inspiracionais que conectam repert\u00f3rio,tend\u00eancias e reflex\u00f5es sobre o futuro da beleza,ajudando empresas e eventos a estimular novas ... Beauty Talks","og_url":"https:\/\/insidebeautyconsultoria.com.br\/en\/beauty-talks-2\/","og_site_name":"Inside Beauty","article_modified_time":"2026-04-08T13:06:37+00:00","og_image":[{"width":1180,"height":380,"url":"https:\/\/insidebeautyconsultoria.com.br\/wp-content\/uploads\/2024\/12\/servicos-interna-inside-fair-e-conventions.jpg","type":"image\/jpeg"}],"twitter_card":"summary_large_image","twitter_misc":{"Est. reading time":"1 minute"},"schema":{"@context":"https:\/\/schema.org","@graph":[{"@type":"WebPage","@id":"https:\/\/insidebeautyconsultoria.com.br\/beauty-talks-2\/","url":"https:\/\/insidebeautyconsultoria.com.br\/beauty-talks-2\/","name":"Beauty Talks - Inside Beauty","isPartOf":{"@id":"https:\/\/insidebeautyconsultoria.com.br\/#website"},"primaryImageOfPage":{"@id":"https:\/\/insidebeautyconsultoria.com.br\/beauty-talks-2\/#primaryimage"},"image":{"@id":"https:\/\/insidebeautyconsultoria.com.br\/beauty-talks-2\/#primaryimage"},"thumbnailUrl":"https:\/\/insidebeautyconsultoria.com.br\/wp-content\/uploads\/2024\/12\/servicos-interna-inside-fair-e-conventions.jpg","datePublished":"2025-07-23T18:15:36+00:00","dateModified":"2026-04-08T13:06:37+00:00","breadcrumb":{"@id":"https:\/\/insidebeautyconsultoria.com.br\/beauty-talks-2\/#breadcrumb"},"inLanguage":"en-US","potentialAction":[{"@type":"ReadAction","target":["https:\/\/insidebeautyconsultoria.com.br\/beauty-talks-2\/"]}]},{"@type":"ImageObject","inLanguage":"en-US","@id":"https:\/\/insidebeautyconsultoria.com.br\/beauty-talks-2\/#primaryimage","url":"https:\/\/insidebeautyconsultoria.com.br\/wp-content\/uploads\/2024\/12\/servicos-interna-inside-fair-e-conventions.jpg","contentUrl":"https:\/\/insidebeautyconsultoria.com.br\/wp-content\/uploads\/2024\/12\/servicos-interna-inside-fair-e-conventions.jpg","width":1180,"height":380},{"@type":"BreadcrumbList","@id":"https:\/\/insidebeautyconsultoria.com.br\/beauty-talks-2\/#breadcrumb","itemListElement":[{"@type":"ListItem","position":1,"name":"Home","item":"https:\/\/insidebeautyconsultoria.com.br\/"},{"@type":"ListItem","position":2,"name":"Beauty Talks"}]},{"@type":"WebSite","@id":"https:\/\/insidebeautyconsultoria.com.br\/#website","url":"https:\/\/insidebeautyconsultoria.com.br\/","name":"Inside Beauty Consultoria","description":"","publisher":{"@id":"https:\/\/insidebeautyconsultoria.com.br\/#organization"},"potentialAction":[{"@type":"SearchAction","target":{"@type":"EntryPoint","urlTemplate":"https:\/\/insidebeautyconsultoria.com.br\/?s={search_term_string}"},"query-input":{"@type":"PropertyValueSpecification","valueRequired":true,"valueName":"search_term_string"}}],"inLanguage":"en-US"},{"@type":"Organization","@id":"https:\/\/insidebeautyconsultoria.com.br\/#organization","name":"Inside Beauty Consultoria","url":"https:\/\/insidebeautyconsultoria.com.br\/","logo":{"@type":"ImageObject","inLanguage":"en-US","@id":"https:\/\/insidebeautyconsultoria.com.br\/#\/schema\/logo\/image\/","url":"https:\/\/insidebeautyconsultoria.com.br\/wp-content\/uploads\/2024\/10\/logo-completo-preto.png","contentUrl":"https:\/\/insidebeautyconsultoria.com.br\/wp-content\/uploads\/2024\/10\/logo-completo-preto.png","width":1000,"height":220,"caption":"Inside Beauty Consultoria"},"image":{"@id":"https:\/\/insidebeautyconsultoria.com.br\/#\/schema\/logo\/image\/"},"sameAs":["https:\/\/www.instagram.com\/insidebeautyconsultoria\/"]}]}},"_links":{"self":[{"href":"https:\/\/insidebeautyconsultoria.com.br\/en\/wp-json\/wp\/v2\/pages\/1776","targetHints":{"allow":["GET"]}}],"collection":[{"href":"https:\/\/insidebeautyconsultoria.com.br\/en\/wp-json\/wp\/v2\/pages"}],"about":[{"href":"https:\/\/insidebeautyconsultoria.com.br\/en\/wp-json\/wp\/v2\/types\/page"}],"author":[{"embeddable":true,"href":"https:\/\/insidebeautyconsultoria.com.br\/en\/wp-json\/wp\/v2\/users\/1"}],"replies":[{"embeddable":true,"href":"https:\/\/insidebeautyconsultoria.com.br\/en\/wp-json\/wp\/v2\/comments?post=1776"}],"version-history":[{"count":5,"href":"https:\/\/insidebeautyconsultoria.com.br\/en\/wp-json\/wp\/v2\/pages\/1776\/revisions"}],"predecessor-version":[{"id":2377,"href":"https:\/\/insidebeautyconsultoria.com.br\/en\/wp-json\/wp\/v2\/pages\/1776\/revisions\/2377"}],"wp:featuredmedia":[{"embeddable":true,"href":"https:\/\/insidebeautyconsultoria.com.br\/en\/wp-json\/wp\/v2\/media\/1255"}],"wp:attachment":[{"href":"https:\/\/insidebeautyconsultoria.com.br\/en\/wp-json\/wp\/v2\/media?parent=1776"}],"curies":[{"name":"wp","href":"https:\/\/api.w.org\/{rel}","templated":true}]}}