{"id":1771,"date":"2025-07-23T15:12:55","date_gmt":"2025-07-23T18:12:55","guid":{"rendered":"https:\/\/insidebeautyconsultoria.com.br\/?page_id=1771"},"modified":"2026-04-08T10:10:29","modified_gmt":"2026-04-08T13:10:29","slug":"beauty-strategy","status":"publish","type":"page","link":"https:\/\/insidebeautyconsultoria.com.br\/en\/beauty-strategy\/","title":{"rendered":"Beauty Strategy"},"content":{"rendered":"<div data-elementor-type=\"wp-page\" data-elementor-id=\"1771\" class=\"elementor elementor-1771\" data-elementor-post-type=\"page\">\n\t\t\t\t<div class=\"elementor-element elementor-element-19a47af e-con-full e-flex e-con e-parent\" data-id=\"19a47af\" data-element_type=\"container\" data-e-type=\"container\" data-settings=\"{&quot;background_background&quot;:&quot;classic&quot;}\">\n\t\t<div class=\"elementor-element elementor-element-95f1799 e-flex e-con-boxed e-con e-child\" data-id=\"95f1799\" data-element_type=\"container\" data-e-type=\"container\">\n\t\t\t\t\t<div class=\"e-con-inner\">\n\t\t<div class=\"elementor-element elementor-element-b8a6a59 e-con-full e-flex e-con e-child\" data-id=\"b8a6a59\" data-element_type=\"container\" data-e-type=\"container\">\n\t\t<div class=\"elementor-element elementor-element-b5c2ea3 e-con-full e-flex e-con e-child\" data-id=\"b5c2ea3\" data-element_type=\"container\" data-e-type=\"container\">\n\t\t<div class=\"elementor-element elementor-element-bbaf976 e-con-full e-flex e-con e-child\" data-id=\"bbaf976\" data-element_type=\"container\" data-e-type=\"container\" data-settings=\"{&quot;background_background&quot;:&quot;classic&quot;}\">\n\t\t\t\t<div class=\"elementor-element elementor-element-980e8f2 elementor-widget elementor-widget-button\" data-id=\"980e8f2\" data-element_type=\"widget\" data-e-type=\"widget\" data-widget_type=\"button.default\">\n\t\t\t\t<div class=\"elementor-widget-container\">\n\t\t\t\t\t\t\t\t\t<div class=\"elementor-button-wrapper\">\n\t\t\t\t\t<a class=\"elementor-button elementor-button-link elementor-size-sm\" href=\"\">\n\t\t\t\t\t\t<span class=\"elementor-button-content-wrapper\">\n\t\t\t\t\t\t\t\t\t<span class=\"elementor-button-text\">Dire\u00e7\u00e3o<\/span>\n\t\t\t\t\t<\/span>\n\t\t\t\t\t<\/a>\n\t\t\t\t<\/div>\n\t\t\t\t\t\t\t\t<\/div>\n\t\t\t\t<\/div>\n\t\t\t\t<div class=\"elementor-element elementor-element-6f451e9 elementor-widget__width-initial elementor-widget elementor-widget-heading\" data-id=\"6f451e9\" data-element_type=\"widget\" data-e-type=\"widget\" data-widget_type=\"heading.default\">\n\t\t\t\t<div class=\"elementor-widget-container\">\n\t\t\t\t\t<h4 class=\"elementor-heading-title elementor-size-default translation-block\">BEAUTY<br>STRATEGY<\/h4>\t\t\t\t<\/div>\n\t\t\t\t<\/div>\n\t\t\t\t<div class=\"elementor-element elementor-element-993787d elementor-widget elementor-widget-text-editor\" data-id=\"993787d\" data-element_type=\"widget\" data-e-type=\"widget\" data-widget_type=\"text-editor.default\">\n\t\t\t\t<div class=\"elementor-widget-container\">\n\t\t\t\t\t\t\t\t\t<p>Projetos estrat\u00e9gicos para ajudar marcas e empresas a<br \/>repensar o presente e construir o futuro.<\/p>\t\t\t\t\t\t\t\t<\/div>\n\t\t\t\t<\/div>\n\t\t\t\t<div class=\"elementor-element elementor-element-d7284cc e-transform elementor-hidden-mobile elementor-widget elementor-widget-image\" data-id=\"d7284cc\" data-element_type=\"widget\" data-e-type=\"widget\" data-settings=\"{&quot;_transform_translateX_effect&quot;:{&quot;unit&quot;:&quot;px&quot;,&quot;size&quot;:80,&quot;sizes&quot;:[]},&quot;_transform_translateX_effect_tablet&quot;:{&quot;unit&quot;:&quot;px&quot;,&quot;size&quot;:&quot;&quot;,&quot;sizes&quot;:[]},&quot;_transform_translateX_effect_mobile&quot;:{&quot;unit&quot;:&quot;px&quot;,&quot;size&quot;:&quot;&quot;,&quot;sizes&quot;:[]},&quot;_transform_translateY_effect&quot;:{&quot;unit&quot;:&quot;px&quot;,&quot;size&quot;:&quot;&quot;,&quot;sizes&quot;:[]},&quot;_transform_translateY_effect_tablet&quot;:{&quot;unit&quot;:&quot;px&quot;,&quot;size&quot;:&quot;&quot;,&quot;sizes&quot;:[]},&quot;_transform_translateY_effect_mobile&quot;:{&quot;unit&quot;:&quot;px&quot;,&quot;size&quot;:&quot;&quot;,&quot;sizes&quot;:[]}}\" data-widget_type=\"image.default\">\n\t\t\t\t<div class=\"elementor-widget-container\">\n\t\t\t\t\t\t\t\t\t\t\t\t\t\t\t<img fetchpriority=\"high\" decoding=\"async\" width=\"570\" height=\"400\" src=\"https:\/\/insidebeautyconsultoria.com.br\/wp-content\/uploads\/2025\/07\/BEAUTY-STRATEGY-01-min.webp\" class=\"attachment-large size-large wp-image-2008\" alt=\"\" srcset=\"https:\/\/insidebeautyconsultoria.com.br\/wp-content\/uploads\/2025\/07\/BEAUTY-STRATEGY-01-min.webp 570w, https:\/\/insidebeautyconsultoria.com.br\/wp-content\/uploads\/2025\/07\/BEAUTY-STRATEGY-01-min-18x12.webp 18w, https:\/\/insidebeautyconsultoria.com.br\/wp-content\/uploads\/2025\/07\/BEAUTY-STRATEGY-01-min-568x400.webp 568w\" sizes=\"(max-width: 570px) 100vw, 570px\" \/>\t\t\t\t\t\t\t\t\t\t\t\t\t\t\t<\/div>\n\t\t\t\t<\/div>\n\t\t\t\t<div class=\"elementor-element elementor-element-1170bff elementor-hidden-desktop elementor-hidden-tablet elementor-widget elementor-widget-image\" data-id=\"1170bff\" data-element_type=\"widget\" data-e-type=\"widget\" data-widget_type=\"image.default\">\n\t\t\t\t<div class=\"elementor-widget-container\">\n\t\t\t\t\t\t\t\t\t\t\t\t\t\t\t<img fetchpriority=\"high\" decoding=\"async\" width=\"570\" height=\"400\" src=\"https:\/\/insidebeautyconsultoria.com.br\/wp-content\/uploads\/2025\/07\/BEAUTY-STRATEGY-01-min.webp\" class=\"attachment-large size-large wp-image-2008\" alt=\"\" srcset=\"https:\/\/insidebeautyconsultoria.com.br\/wp-content\/uploads\/2025\/07\/BEAUTY-STRATEGY-01-min.webp 570w, https:\/\/insidebeautyconsultoria.com.br\/wp-content\/uploads\/2025\/07\/BEAUTY-STRATEGY-01-min-18x12.webp 18w, https:\/\/insidebeautyconsultoria.com.br\/wp-content\/uploads\/2025\/07\/BEAUTY-STRATEGY-01-min-568x400.webp 568w\" sizes=\"(max-width: 570px) 100vw, 570px\" \/>\t\t\t\t\t\t\t\t\t\t\t\t\t\t\t<\/div>\n\t\t\t\t<\/div>\n\t\t\t\t<\/div>\n\t\t\t\t<\/div>\n\t\t<div class=\"elementor-element elementor-element-58b4b13 e-con-full e-flex e-con e-child\" data-id=\"58b4b13\" data-element_type=\"container\" data-e-type=\"container\" data-settings=\"{&quot;background_background&quot;:&quot;classic&quot;}\">\n\t\t<div class=\"elementor-element elementor-element-b0307ee e-con-full e-flex e-con e-child\" data-id=\"b0307ee\" data-element_type=\"container\" data-e-type=\"container\" data-settings=\"{&quot;background_background&quot;:&quot;classic&quot;}\">\n\t\t\t\t<div class=\"elementor-element elementor-element-f0ef8c3 elementor-widget elementor-widget-heading\" data-id=\"f0ef8c3\" data-element_type=\"widget\" data-e-type=\"widget\" data-widget_type=\"heading.default\">\n\t\t\t\t<div class=\"elementor-widget-container\">\n\t\t\t\t\t<h2 class=\"elementor-heading-title elementor-size-default\">CUSTOM REPORTS<\/h2>\t\t\t\t<\/div>\n\t\t\t\t<\/div>\n\t\t\t\t<div class=\"elementor-element elementor-element-182c281 elementor-widget elementor-widget-text-editor\" data-id=\"182c281\" data-element_type=\"widget\" data-e-type=\"widget\" data-widget_type=\"text-editor.default\">\n\t\t\t\t<div class=\"elementor-widget-container\">\n\t\t\t\t\t\t\t\t\t<p>Estudos desenvolvidos sob medida para empresas que<br \/>desejam aprofundar o entendimento de um tema,<br \/>categoria ou mercado. Combinam pesquisa, an\u00e1lise de<br \/>tend\u00eancias, comportamento do consumidor e leitura<br \/>estrat\u00e9gica da ind\u00fastria.<\/p>\t\t\t\t\t\t\t\t<\/div>\n\t\t\t\t<\/div>\n\t\t\t\t<div class=\"elementor-element elementor-element-5b7d41b elementor-widget elementor-widget-heading\" data-id=\"5b7d41b\" data-element_type=\"widget\" data-e-type=\"widget\" data-widget_type=\"heading.default\">\n\t\t\t\t<div class=\"elementor-widget-container\">\n\t\t\t\t\t<h2 class=\"elementor-heading-title elementor-size-default\">WORKSHOP ESTRAT\u00c9GICO<\/h2>\t\t\t\t<\/div>\n\t\t\t\t<\/div>\n\t\t\t\t<div class=\"elementor-element elementor-element-0c7291f elementor-widget elementor-widget-text-editor\" data-id=\"0c7291f\" data-element_type=\"widget\" data-e-type=\"widget\" data-widget_type=\"text-editor.default\">\n\t\t\t\t<div class=\"elementor-widget-container\">\n\t\t\t\t\t\t\t\t\t<p>Encontros colaborativos que conectam insights de<br \/>mercado, tend\u00eancias e comportamento para provocar<br \/>novas ideias dentro das equipes. O formato inclui<br \/>apresenta\u00e7\u00e3o de conte\u00fado e din\u00e2micas que ajudam a<br \/>transformar aprendizados em caminhos estrat\u00e9gicos.<\/p>\t\t\t\t\t\t\t\t<\/div>\n\t\t\t\t<\/div>\n\t\t\t\t<div class=\"elementor-element elementor-element-789a4ce elementor-widget elementor-widget-heading\" data-id=\"789a4ce\" data-element_type=\"widget\" data-e-type=\"widget\" data-widget_type=\"heading.default\">\n\t\t\t\t<div class=\"elementor-widget-container\">\n\t\t\t\t\t<h2 class=\"elementor-heading-title elementor-size-default\">CONSULTORIA ESTRAT\u00c9GICA<\/h2>\t\t\t\t<\/div>\n\t\t\t\t<\/div>\n\t\t\t\t<div class=\"elementor-element elementor-element-4824f9f elementor-widget elementor-widget-text-editor\" data-id=\"4824f9f\" data-element_type=\"widget\" data-e-type=\"widget\" data-widget_type=\"text-editor.default\">\n\t\t\t\t<div class=\"elementor-widget-container\">\n\t\t\t\t\t\t\t\t\t<p>Projetos mais aprofundados que envolvem imers\u00e3o na<br \/>marca, an\u00e1lise do mercado e desenvolvimento de<br \/>direcionamentos estrat\u00e9gicos para inova\u00e7\u00e3o,<br \/>posicionamento e crescimento do neg\u00f3cio.<\/p>\t\t\t\t\t\t\t\t<\/div>\n\t\t\t\t<\/div>\n\t\t<div class=\"elementor-element elementor-element-9f7f1f5 e-con-full e-flex e-con e-child\" data-id=\"9f7f1f5\" data-element_type=\"container\" data-e-type=\"container\" data-settings=\"{&quot;background_background&quot;:&quot;classic&quot;}\">\n\t\t\t\t<div class=\"elementor-element elementor-element-878e248 elementor-widget elementor-widget-heading\" data-id=\"878e248\" data-element_type=\"widget\" data-e-type=\"widget\" data-widget_type=\"heading.default\">\n\t\t\t\t<div class=\"elementor-widget-container\">\n\t\t\t\t\t<h2 class=\"elementor-heading-title elementor-size-default\">Vamos conversar. Nos envie um WhatsApp.<\/h2>\t\t\t\t<\/div>\n\t\t\t\t<\/div>\n\t\t\t\t<\/div>\n\t\t\t\t<\/div>\n\t\t\t\t<\/div>\n\t\t\t\t<\/div>\n\t\t\t\t\t<\/div>\n\t\t\t\t<\/div>\n\t\t\t\t<\/div>\n\t\t\t\t<\/div>","protected":false},"excerpt":{"rendered":"<p>Dire\u00e7\u00e3o BEAUTYSTRATEGY Projetos estrat\u00e9gicos para ajudar marcas e empresas arepensar o presente e construir o futuro. RELAT\u00d3RIOS PERSONALIZADOS Estudos desenvolvidos sob medida para empresas quedesejam aprofundar o entendimento de um tema,categoria ou mercado. Combinam pesquisa, an\u00e1lise detend\u00eancias, comportamento do consumidor e leituraestrat\u00e9gica da ind\u00fastria. WORKSHOP ESTRAT\u00c9GICO Encontros colaborativos que conectam insights demercado, tend\u00eancias e comportamento <a href=\"https:\/\/insidebeautyconsultoria.com.br\/en\/beauty-strategy\/\" class=\"more-link\">&#8230;<span class=\"screen-reader-text\">  Beauty Strategy<\/span><\/a><\/p>","protected":false},"author":1,"featured_media":1259,"parent":0,"menu_order":0,"comment_status":"closed","ping_status":"closed","template":"elementor_header_footer","meta":{"_acf_changed":false,"nf_dc_page":"","footnotes":""},"class_list":["post-1771","page","type-page","status-publish","has-post-thumbnail","hentry"],"acf":[],"yoast_head":"<!-- This site is optimized with the Yoast SEO Premium plugin v24.6 (Yoast SEO v27.4) - https:\/\/yoast.com\/product\/yoast-seo-premium-wordpress\/ -->\n<title>Beauty Strategy - Inside Beauty<\/title>\n<meta name=\"robots\" content=\"index, follow, max-snippet:-1, max-image-preview:large, max-video-preview:-1\" \/>\n<link rel=\"canonical\" href=\"https:\/\/insidebeautyconsultoria.com.br\/en\/beauty-strategy\/\" \/>\n<meta property=\"og:locale\" content=\"en_US\" \/>\n<meta property=\"og:type\" content=\"article\" \/>\n<meta property=\"og:title\" content=\"Beauty Strategy\" \/>\n<meta property=\"og:description\" content=\"Dire\u00e7\u00e3o BEAUTYSTRATEGY Projetos estrat\u00e9gicos para ajudar marcas e empresas arepensar o presente e construir o futuro. RELAT\u00d3RIOS PERSONALIZADOS Estudos desenvolvidos sob medida para empresas quedesejam aprofundar o entendimento de um tema,categoria ou mercado. Combinam pesquisa, an\u00e1lise detend\u00eancias, comportamento do consumidor e leituraestrat\u00e9gica da ind\u00fastria. WORKSHOP ESTRAT\u00c9GICO Encontros colaborativos que conectam insights demercado, tend\u00eancias e comportamento ... Beauty Strategy\" \/>\n<meta property=\"og:url\" content=\"https:\/\/insidebeautyconsultoria.com.br\/en\/beauty-strategy\/\" \/>\n<meta property=\"og:site_name\" content=\"Inside Beauty\" \/>\n<meta property=\"article:modified_time\" content=\"2026-04-08T13:10:29+00:00\" \/>\n<meta property=\"og:image\" content=\"https:\/\/insidebeautyconsultoria.com.br\/wp-content\/uploads\/2024\/12\/servicos-interna-inside-your-company.jpg\" \/>\n\t<meta property=\"og:image:width\" content=\"1180\" \/>\n\t<meta property=\"og:image:height\" content=\"380\" \/>\n\t<meta property=\"og:image:type\" content=\"image\/jpeg\" \/>\n<meta name=\"twitter:card\" content=\"summary_large_image\" \/>\n<meta name=\"twitter:label1\" content=\"Est. reading time\" \/>\n\t<meta name=\"twitter:data1\" content=\"2 minutes\" \/>\n<script type=\"application\/ld+json\" class=\"yoast-schema-graph\">{\"@context\":\"https:\\\/\\\/schema.org\",\"@graph\":[{\"@type\":\"WebPage\",\"@id\":\"https:\\\/\\\/insidebeautyconsultoria.com.br\\\/beauty-strategy\\\/\",\"url\":\"https:\\\/\\\/insidebeautyconsultoria.com.br\\\/beauty-strategy\\\/\",\"name\":\"Beauty Strategy - Inside Beauty\",\"isPartOf\":{\"@id\":\"https:\\\/\\\/insidebeautyconsultoria.com.br\\\/#website\"},\"primaryImageOfPage\":{\"@id\":\"https:\\\/\\\/insidebeautyconsultoria.com.br\\\/beauty-strategy\\\/#primaryimage\"},\"image\":{\"@id\":\"https:\\\/\\\/insidebeautyconsultoria.com.br\\\/beauty-strategy\\\/#primaryimage\"},\"thumbnailUrl\":\"https:\\\/\\\/insidebeautyconsultoria.com.br\\\/wp-content\\\/uploads\\\/2024\\\/12\\\/servicos-interna-inside-your-company.jpg\",\"datePublished\":\"2025-07-23T18:12:55+00:00\",\"dateModified\":\"2026-04-08T13:10:29+00:00\",\"breadcrumb\":{\"@id\":\"https:\\\/\\\/insidebeautyconsultoria.com.br\\\/beauty-strategy\\\/#breadcrumb\"},\"inLanguage\":\"en-US\",\"potentialAction\":[{\"@type\":\"ReadAction\",\"target\":[\"https:\\\/\\\/insidebeautyconsultoria.com.br\\\/beauty-strategy\\\/\"]}]},{\"@type\":\"ImageObject\",\"inLanguage\":\"en-US\",\"@id\":\"https:\\\/\\\/insidebeautyconsultoria.com.br\\\/beauty-strategy\\\/#primaryimage\",\"url\":\"https:\\\/\\\/insidebeautyconsultoria.com.br\\\/wp-content\\\/uploads\\\/2024\\\/12\\\/servicos-interna-inside-your-company.jpg\",\"contentUrl\":\"https:\\\/\\\/insidebeautyconsultoria.com.br\\\/wp-content\\\/uploads\\\/2024\\\/12\\\/servicos-interna-inside-your-company.jpg\",\"width\":1180,\"height\":380},{\"@type\":\"BreadcrumbList\",\"@id\":\"https:\\\/\\\/insidebeautyconsultoria.com.br\\\/beauty-strategy\\\/#breadcrumb\",\"itemListElement\":[{\"@type\":\"ListItem\",\"position\":1,\"name\":\"Home\",\"item\":\"https:\\\/\\\/insidebeautyconsultoria.com.br\\\/\"},{\"@type\":\"ListItem\",\"position\":2,\"name\":\"Beauty Strategy\"}]},{\"@type\":\"WebSite\",\"@id\":\"https:\\\/\\\/insidebeautyconsultoria.com.br\\\/#website\",\"url\":\"https:\\\/\\\/insidebeautyconsultoria.com.br\\\/\",\"name\":\"Inside Beauty Consultoria\",\"description\":\"\",\"publisher\":{\"@id\":\"https:\\\/\\\/insidebeautyconsultoria.com.br\\\/#organization\"},\"potentialAction\":[{\"@type\":\"SearchAction\",\"target\":{\"@type\":\"EntryPoint\",\"urlTemplate\":\"https:\\\/\\\/insidebeautyconsultoria.com.br\\\/?s={search_term_string}\"},\"query-input\":{\"@type\":\"PropertyValueSpecification\",\"valueRequired\":true,\"valueName\":\"search_term_string\"}}],\"inLanguage\":\"en-US\"},{\"@type\":\"Organization\",\"@id\":\"https:\\\/\\\/insidebeautyconsultoria.com.br\\\/#organization\",\"name\":\"Inside Beauty Consultoria\",\"url\":\"https:\\\/\\\/insidebeautyconsultoria.com.br\\\/\",\"logo\":{\"@type\":\"ImageObject\",\"inLanguage\":\"en-US\",\"@id\":\"https:\\\/\\\/insidebeautyconsultoria.com.br\\\/#\\\/schema\\\/logo\\\/image\\\/\",\"url\":\"https:\\\/\\\/insidebeautyconsultoria.com.br\\\/wp-content\\\/uploads\\\/2024\\\/10\\\/logo-completo-preto.png\",\"contentUrl\":\"https:\\\/\\\/insidebeautyconsultoria.com.br\\\/wp-content\\\/uploads\\\/2024\\\/10\\\/logo-completo-preto.png\",\"width\":1000,\"height\":220,\"caption\":\"Inside Beauty Consultoria\"},\"image\":{\"@id\":\"https:\\\/\\\/insidebeautyconsultoria.com.br\\\/#\\\/schema\\\/logo\\\/image\\\/\"},\"sameAs\":[\"https:\\\/\\\/www.instagram.com\\\/insidebeautyconsultoria\\\/\"]}]}<\/script>\n<!-- \/ Yoast SEO Premium plugin. -->","yoast_head_json":{"title":"Beauty Strategy - Inside Beauty","robots":{"index":"index","follow":"follow","max-snippet":"max-snippet:-1","max-image-preview":"max-image-preview:large","max-video-preview":"max-video-preview:-1"},"canonical":"https:\/\/insidebeautyconsultoria.com.br\/en\/beauty-strategy\/","og_locale":"en_US","og_type":"article","og_title":"Beauty Strategy","og_description":"Dire\u00e7\u00e3o BEAUTYSTRATEGY Projetos estrat\u00e9gicos para ajudar marcas e empresas arepensar o presente e construir o futuro. RELAT\u00d3RIOS PERSONALIZADOS Estudos desenvolvidos sob medida para empresas quedesejam aprofundar o entendimento de um tema,categoria ou mercado. Combinam pesquisa, an\u00e1lise detend\u00eancias, comportamento do consumidor e leituraestrat\u00e9gica da ind\u00fastria. WORKSHOP ESTRAT\u00c9GICO Encontros colaborativos que conectam insights demercado, tend\u00eancias e comportamento ... Beauty Strategy","og_url":"https:\/\/insidebeautyconsultoria.com.br\/en\/beauty-strategy\/","og_site_name":"Inside Beauty","article_modified_time":"2026-04-08T13:10:29+00:00","og_image":[{"width":1180,"height":380,"url":"https:\/\/insidebeautyconsultoria.com.br\/wp-content\/uploads\/2024\/12\/servicos-interna-inside-your-company.jpg","type":"image\/jpeg"}],"twitter_card":"summary_large_image","twitter_misc":{"Est. reading time":"2 minutes"},"schema":{"@context":"https:\/\/schema.org","@graph":[{"@type":"WebPage","@id":"https:\/\/insidebeautyconsultoria.com.br\/beauty-strategy\/","url":"https:\/\/insidebeautyconsultoria.com.br\/beauty-strategy\/","name":"Beauty Strategy - Inside Beauty","isPartOf":{"@id":"https:\/\/insidebeautyconsultoria.com.br\/#website"},"primaryImageOfPage":{"@id":"https:\/\/insidebeautyconsultoria.com.br\/beauty-strategy\/#primaryimage"},"image":{"@id":"https:\/\/insidebeautyconsultoria.com.br\/beauty-strategy\/#primaryimage"},"thumbnailUrl":"https:\/\/insidebeautyconsultoria.com.br\/wp-content\/uploads\/2024\/12\/servicos-interna-inside-your-company.jpg","datePublished":"2025-07-23T18:12:55+00:00","dateModified":"2026-04-08T13:10:29+00:00","breadcrumb":{"@id":"https:\/\/insidebeautyconsultoria.com.br\/beauty-strategy\/#breadcrumb"},"inLanguage":"en-US","potentialAction":[{"@type":"ReadAction","target":["https:\/\/insidebeautyconsultoria.com.br\/beauty-strategy\/"]}]},{"@type":"ImageObject","inLanguage":"en-US","@id":"https:\/\/insidebeautyconsultoria.com.br\/beauty-strategy\/#primaryimage","url":"https:\/\/insidebeautyconsultoria.com.br\/wp-content\/uploads\/2024\/12\/servicos-interna-inside-your-company.jpg","contentUrl":"https:\/\/insidebeautyconsultoria.com.br\/wp-content\/uploads\/2024\/12\/servicos-interna-inside-your-company.jpg","width":1180,"height":380},{"@type":"BreadcrumbList","@id":"https:\/\/insidebeautyconsultoria.com.br\/beauty-strategy\/#breadcrumb","itemListElement":[{"@type":"ListItem","position":1,"name":"Home","item":"https:\/\/insidebeautyconsultoria.com.br\/"},{"@type":"ListItem","position":2,"name":"Beauty Strategy"}]},{"@type":"WebSite","@id":"https:\/\/insidebeautyconsultoria.com.br\/#website","url":"https:\/\/insidebeautyconsultoria.com.br\/","name":"Inside Beauty Consultoria","description":"","publisher":{"@id":"https:\/\/insidebeautyconsultoria.com.br\/#organization"},"potentialAction":[{"@type":"SearchAction","target":{"@type":"EntryPoint","urlTemplate":"https:\/\/insidebeautyconsultoria.com.br\/?s={search_term_string}"},"query-input":{"@type":"PropertyValueSpecification","valueRequired":true,"valueName":"search_term_string"}}],"inLanguage":"en-US"},{"@type":"Organization","@id":"https:\/\/insidebeautyconsultoria.com.br\/#organization","name":"Inside Beauty Consultoria","url":"https:\/\/insidebeautyconsultoria.com.br\/","logo":{"@type":"ImageObject","inLanguage":"en-US","@id":"https:\/\/insidebeautyconsultoria.com.br\/#\/schema\/logo\/image\/","url":"https:\/\/insidebeautyconsultoria.com.br\/wp-content\/uploads\/2024\/10\/logo-completo-preto.png","contentUrl":"https:\/\/insidebeautyconsultoria.com.br\/wp-content\/uploads\/2024\/10\/logo-completo-preto.png","width":1000,"height":220,"caption":"Inside Beauty Consultoria"},"image":{"@id":"https:\/\/insidebeautyconsultoria.com.br\/#\/schema\/logo\/image\/"},"sameAs":["https:\/\/www.instagram.com\/insidebeautyconsultoria\/"]}]}},"_links":{"self":[{"href":"https:\/\/insidebeautyconsultoria.com.br\/en\/wp-json\/wp\/v2\/pages\/1771","targetHints":{"allow":["GET"]}}],"collection":[{"href":"https:\/\/insidebeautyconsultoria.com.br\/en\/wp-json\/wp\/v2\/pages"}],"about":[{"href":"https:\/\/insidebeautyconsultoria.com.br\/en\/wp-json\/wp\/v2\/types\/page"}],"author":[{"embeddable":true,"href":"https:\/\/insidebeautyconsultoria.com.br\/en\/wp-json\/wp\/v2\/users\/1"}],"replies":[{"embeddable":true,"href":"https:\/\/insidebeautyconsultoria.com.br\/en\/wp-json\/wp\/v2\/comments?post=1771"}],"version-history":[{"count":5,"href":"https:\/\/insidebeautyconsultoria.com.br\/en\/wp-json\/wp\/v2\/pages\/1771\/revisions"}],"predecessor-version":[{"id":2386,"href":"https:\/\/insidebeautyconsultoria.com.br\/en\/wp-json\/wp\/v2\/pages\/1771\/revisions\/2386"}],"wp:featuredmedia":[{"embeddable":true,"href":"https:\/\/insidebeautyconsultoria.com.br\/en\/wp-json\/wp\/v2\/media\/1259"}],"wp:attachment":[{"href":"https:\/\/insidebeautyconsultoria.com.br\/en\/wp-json\/wp\/v2\/media?parent=1771"}],"curies":[{"name":"wp","href":"https:\/\/api.w.org\/{rel}","templated":true}]}}